{"id":1620,"date":"2025-04-14T13:08:56","date_gmt":"2025-04-14T13:08:56","guid":{"rendered":"https:\/\/hamyflore.com\/?post_type=product&#038;p=1620"},"modified":"2025-04-14T13:08:56","modified_gmt":"2025-04-14T13:08:56","slug":"%eb%af%b8%eb%93%9c%eb%82%98%ec%9e%87-%eb%ae%a4%ec%a6%88-midnight-muse","status":"publish","type":"product","link":"https:\/\/hamyflore.com\/vi\/san-pham\/%eb%af%b8%eb%93%9c%eb%82%98%ec%9e%87-%eb%ae%a4%ec%a6%88-midnight-muse\/","title":{"rendered":"\u201cN\u00e0ng th\u01a1 n\u1eeda \u0111\u00eam\u201d"},"content":{"rendered":"<p><img data-opt-id=2078961960  fetchpriority=\"high\" decoding=\"async\" class=\"alignnone wp-image-1621 size-large\" src=\"https:\/\/mlmylfytwgtu.i.optimole.com\/w:768\/h:1024\/q:mauto\/ig:avif\/https:\/\/hamyflore.com\/wp-content\/uploads\/2025\/04\/photo_2025-04-14_21-58-14.jpg\" alt=\"\ubbf8\ub4dc\ub098\uc787 \ubba4\uc988\u201d (Midnight Muse)\" width=\"768\" height=\"1024\" srcset=\"https:\/\/mlmylfytwgtu.i.optimole.com\/w:768\/h:1024\/q:mauto\/ig:avif\/https:\/\/hamyflore.com\/wp-content\/uploads\/2025\/04\/photo_2025-04-14_21-58-14.jpg 768w, https:\/\/mlmylfytwgtu.i.optimole.com\/w:225\/h:300\/q:mauto\/ig:avif\/https:\/\/hamyflore.com\/wp-content\/uploads\/2025\/04\/photo_2025-04-14_21-58-14.jpg 225w, https:\/\/mlmylfytwgtu.i.optimole.com\/w:9\/h:12\/q:mauto\/ig:avif\/https:\/\/hamyflore.com\/wp-content\/uploads\/2025\/04\/photo_2025-04-14_21-58-14.jpg 9w, https:\/\/mlmylfytwgtu.i.optimole.com\/w:600\/h:800\/q:mauto\/ig:avif\/https:\/\/hamyflore.com\/wp-content\/uploads\/2025\/04\/photo_2025-04-14_21-58-14.jpg 600w, https:\/\/mlmylfytwgtu.i.optimole.com\/w:810\/h:1080\/q:mauto\/ig:avif\/https:\/\/hamyflore.com\/wp-content\/uploads\/2025\/04\/photo_2025-04-14_21-58-14.jpg 960w\" sizes=\"(max-width: 768px) 100vw, 768px\" \/><\/p>\n<p>&nbsp;<\/p>\n<h2>N\u00e0ng th\u01a1 n\u1eeda \u0111\u00eam<\/h2>\n<p>&nbsp;<\/p>\n<h3>C\u00e1c t\u00ednh n\u0103ng ch\u00ednh<\/h3>\n<p>\u2013 \ud83d\udda4 Hoa gi\u1ea3 m\u00e0u \u0111en<br \/>\n:\u0110i\u1ec3m nh\u1ea5n l\u00e0 m\u1ed9t b\u00f4ng hoa ngh\u1ec7 thu\u1eadt m\u00e0u \u0111en hi\u1ebfm th\u1ea5y trong t\u1ef1 nhi\u00ean, \u0111\u1ec3 l\u1ea1i \u1ea5n t\u01b0\u1ee3ng m\u1ea1nh m\u1ebd.<\/p>\n<p>\u2013 \ud83d\udc9c Hoa o\u1ea3i h\u01b0\u01a1ng t\u00edm v\u00e0 b\u1ea1c<br \/>\n: \u0110i\u1ec3m nh\u1ea5n m\u00e0u s\u1eafc h\u00e0i h\u00f2a t\u1ea1o th\u00eam c\u1ea3m x\u00fac nh\u1eb9 nh\u00e0ng v\u00e0 t\u00e2m tr\u1ea1ng m\u01a1 m\u1ed9ng<\/p>\n<p>\u2013 \ud83c\udf3e C\u1ecf Pampas &amp; L\u00e1 kh\u00f4<br \/>\n: C\u00e1c y\u1ebfu t\u1ed1 k\u1ebft c\u1ea5u t\u1ea1o th\u00eam kh\u1ed1i l\u01b0\u1ee3ng v\u00e0 **k\u1ebft c\u1ea5u t\u1ef1 nhi\u00ean** cho b\u00f3 hoa<\/p>\n<p>\u2013 \ud83d\udd78\ufe0f Bao b\u00ec l\u01b0\u1edbi + gi\u1ea5y \u0111en m\u1edd<br \/>\n: Thi\u1ebft k\u1ebf bao b\u00ec tinh t\u1ebf v\u00e0 l\u1ecbch s\u1ef1<\/p>\n<p>\u2013 \ud83d\udd8b\ufe0f Ruy b\u0103ng \u0111en v\u00e0 chi ti\u1ebft kh\u1eafc b\u1ea1c<br \/>\n:Ch\u1ea1m kh\u1eafc cu\u1ed1i c\u00f9ng sang tr\u1ecdng v\u00e0 ho\u00e0n h\u1ea3o \u0111\u1ec3 l\u00e0m qu\u00e0 t\u1eb7ng cao c\u1ea5p.<\/p>\n<p>&nbsp;<\/p>\n<h3>\ud83c\udf81 C\u00f4ng d\u1ee5ng \u0111\u01b0\u1ee3c \u0111\u1ec1 xu\u1ea5t<\/h3>\n<p>M\u1ed9t m\u00f3n qu\u00e0 t\u00ecnh c\u1ea3m cho m\u1ed9t ng\u00e0y \u0111\u1eb7c bi\u1ec7t \u2b50\u2b50\u2b50\u2b50\u2b50<br \/>\nQu\u00e0 t\u1eb7ng ng\u00e0y khai tr\u01b0\u01a1ng th\u1eddi trang \u2b50\u2b50\u2b50\u2b50<br \/>\nM\u1ed9t ng\u00e0y \u00fd ngh\u0129a d\u00e0nh cho ng\u01b0\u1eddi y\u00eau ho\u1eb7c b\u1ea1n b\u00e8 c\u1ee7a b\u1ea1n \u2b50\u2b50\u2b50\u2b50\u2b50<br \/>\nTri\u1ec3n l\u00e3m, \u0110\u1ea1o c\u1ee5 ch\u1ee5p \u1ea3nh \u2b50\u2b50\u2b50\u2b50<\/p>\n<p>&nbsp;<\/p>\n<p>&nbsp;<\/p>\n<p>&nbsp;<\/p>","protected":false},"excerpt":{"rendered":"<p class=\"\" data-start=\"131\" data-end=\"160\"><strong data-start=\"131\" data-end=\"160\">Midnight Muse \u2013 Ngh\u1ec7 thu\u1eadt trong b\u00f3ng t\u1ed1i v\u1edbi c\u1ea3m x\u00fac<\/strong><\/p>\n<p class=\"\" data-start=\"162\" data-end=\"325\">N\u1ebfu b\u1ea1n c\u1ea3m th\u1ea5y nh\u00e0m ch\u00e1n v\u1edbi nh\u1eefng b\u00f3 hoa th\u00f4ng th\u01b0\u1eddng, h\u00e3y g\u1eb7p ngay &#039;Midnight Muse&#039;.<br data-start=\"206\" data-end=\"209\" \/>S\u1ef1 h\u00e0i h\u00f2a c\u1ee7a t\u00f4ng m\u00e0u \u0111en v\u00e0 t\u00edm \u0111\u1eadm g\u1ee3i n\u00ean c\u1ea3m x\u00fac c\u1ee7a m\u1ed9t \u0111\u00eam y\u00ean t\u0129nh.<br data-start=\"236\" data-end=\"239\" \/>B\u00f3 hoa n\u00e0y k\u1ebft h\u1ee3p k\u1ebft c\u1ea5u m\u1ec1m m\u1ea1i c\u1ee7a c\u1ecf \u0111u\u00f4i ch\u1ed3n v\u1edbi \u0111i\u1ec3m nh\u1ea5n b\u1eb1ng kim lo\u1ea1i.<br data-start=\"284\" data-end=\"287\" \/>H\u01a1n c\u1ea3 m\u1ed9t m\u00f3n qu\u00e0 <strong data-start=\"298\" data-end=\"319\">Nh\u1eefng \u0111\u1ed3 v\u1eadt n\u00f3i l\u00ean t\u00e2m tr\u1ea1ng c\u1ee7a b\u1ea1n<\/strong>N\u00f3 tr\u1edf th\u00e0nh.<\/p>\n<p class=\"\" data-start=\"327\" data-end=\"405\">M\u1ed9t m\u00e0u s\u1eafc kh\u00f4ng th\u1ec3 t\u00ecm th\u1ea5y \u1edf \u0111\u00e2u, m\u1ed9t s\u1ef1 h\u00e0i h\u00f2a kh\u00f4ng th\u1ec3 t\u00ecm th\u1ea5y \u1edf \u0111\u00e2u.<br data-start=\"350\" data-end=\"353\" \/>T\u00ecnh y\u00eau, s\u1ef1 tho\u1ea3i m\u00e1i, ngh\u1ec7 thu\u1eadt\u2026 D\u00f9 b\u1ea1n c\u1ea3m th\u1ea5y th\u1ebf n\u00e0o, b\u00f3 hoa n\u00e0y <strong data-start=\"381\" data-end=\"405\">N\u00f3 truy\u1ec1n t\u1ea3i tr\u00e1i tim m\u1ed9t c\u00e1ch s\u00e2u s\u1eafc v\u00e0 tinh t\u1ebf.<\/strong><\/p>\n<p class=\"\" data-start=\"407\" data-end=\"465\"><strong data-start=\"407\" data-end=\"428\">T\u00e2m tr\u1ea1ng \u0111\u00f4 th\u1ecb, chi\u1ec1u s\u00e2u c\u1ea3m x\u00fac.<\/strong><br data-start=\"428\" data-end=\"431\" \/>B\u00e2y gi\u1edd, h\u00e3y trang tr\u00ed kho\u1ea3nh kh\u1eafc \u0111\u1eb7c bi\u1ec7t c\u1ee7a b\u1ea1n v\u1edbi &#039;Midnight Muse&#039;.<\/p>\n<p data-start=\"407\" data-end=\"465\">\n<ul>\n<li class=\"\" data-start=\"503\" data-end=\"529\">\n<p class=\"\" data-start=\"505\" data-end=\"529\">\u2714 Hoa gi\u1ea3 m\u00e0u \u0111en v\u00e0 t\u00edm \u0111\u1ed9c \u0111\u00e1o<\/p>\n<\/li>\n<li class=\"\" data-start=\"530\" data-end=\"552\">\n<p class=\"\" data-start=\"532\" data-end=\"552\">\u2714 \u0110\u01b0\u1ee3c \u0111\u1ec1 xu\u1ea5t l\u00e0m qu\u00e0 t\u1eb7ng cho s\u1ef1 tho\u1ea3i m\u00e1i v\u1ec1 m\u1eb7t c\u1ea3m x\u00fac v\u00e0 ngh\u1ec7 thu\u1eadt<\/p>\n<\/li>\n<li class=\"\" data-start=\"553\" data-end=\"578\">\n<p class=\"\" data-start=\"555\" data-end=\"578\">\u2714 Bao b\u00ec l\u01b0\u1edbi cao c\u1ea5p &amp; l\u1edbp ho\u00e0n thi\u1ec7n b\u1eb1ng ruy b\u0103ng \u0111en<\/p>\n<\/li>\n<li class=\"\" data-start=\"579\" data-end=\"606\">\n<p class=\"\" data-start=\"581\" data-end=\"606\">\u2714 R\u1ea5t \u0111\u01b0\u1ee3c khuy\u1ebfn kh\u00edch s\u1eed d\u1ee5ng cho tri\u1ec3n l\u00e3m, ph\u00f2ng tr\u01b0ng b\u00e0y v\u00e0 qu\u00e0 t\u1eb7ng th\u01b0\u01a1ng hi\u1ec7u<\/p>\n<\/li>\n<\/ul>","protected":false},"featured_media":1621,"comment_status":"open","ping_status":"closed","template":"","meta":{"site-sidebar-layout":"default","site-content-layout":"","ast-site-content-layout":"default","site-content-style":"default","site-sidebar-style":"default","ast-global-header-display":"","ast-banner-title-visibility":"","ast-main-header-display":"","ast-hfb-above-header-display":"","ast-hfb-below-header-display":"","ast-hfb-mobile-header-display":"","site-post-title":"","ast-breadcrumbs-content":"","ast-featured-img":"","footer-sml-layout":"","theme-transparent-header-meta":"default","adv-header-id-meta":"","stick-header-meta":"default","header-above-stick-meta":"","header-main-stick-meta":"","header-below-stick-meta":"","astra-migrate-meta-layouts":"set","ast-page-background-enabled":"default","ast-page-background-meta":{"desktop":{"background-color":"var(--ast-global-color-4)","background-image":"","background-repeat":"repeat","background-position":"center center","background-size":"auto","background-attachment":"scroll","background-type":"","background-media":"","overlay-type":"","overlay-color":"","overlay-opacity":"","overlay-gradient":""},"tablet":{"background-color":"","background-image":"","background-repeat":"repeat","background-position":"center center","background-size":"auto","background-attachment":"scroll","background-type":"","background-media":"","overlay-type":"","overlay-color":"","overlay-opacity":"","overlay-gradient":""},"mobile":{"background-color":"","background-image":"","background-repeat":"repeat","background-position":"center center","background-size":"auto","background-attachment":"scroll","background-type":"","background-media":"","overlay-type":"","overlay-color":"","overlay-opacity":"","overlay-gradient":""}},"ast-content-background-meta":{"desktop":{"background-color":"var(--ast-global-color-5)","background-image":"","background-repeat":"repeat","background-position":"center center","background-size":"auto","background-attachment":"scroll","background-type":"","background-media":"","overlay-type":"","overlay-color":"","overlay-opacity":"","overlay-gradient":""},"tablet":{"background-color":"var(--ast-global-color-5)","background-image":"","background-repeat":"repeat","background-position":"center center","background-size":"auto","background-attachment":"scroll","background-type":"","background-media":"","overlay-type":"","overlay-color":"","overlay-opacity":"","overlay-gradient":""},"mobile":{"background-color":"var(--ast-global-color-5)","background-image":"","background-repeat":"repeat","background-position":"center center","background-size":"auto","background-attachment":"scroll","background-type":"","background-media":"","overlay-type":"","overlay-color":"","overlay-opacity":"","overlay-gradient":""}}},"product_brand":[],"product_cat":[35],"product_tag":[100],"class_list":{"0":"post-1620","1":"product","2":"type-product","3":"status-publish","4":"has-post-thumbnail","6":"product_cat-35","7":"product_tag-100","8":"desktop-align-left","9":"tablet-align-left","10":"mobile-align-left","11":"ast-product-gallery-layout-first-image-large","12":"ast-product-tabs-layout-accordion","13":"ast-qv-on-image","15":"first","16":"instock","17":"sale","18":"taxable","19":"shipping-taxable","20":"purchasable","21":"product-type-simple"},"jetpack_sharing_enabled":true,"_links":{"self":[{"href":"https:\/\/hamyflore.com\/vi\/wp-json\/wp\/v2\/product\/1620","targetHints":{"allow":["GET"]}}],"collection":[{"href":"https:\/\/hamyflore.com\/vi\/wp-json\/wp\/v2\/product"}],"about":[{"href":"https:\/\/hamyflore.com\/vi\/wp-json\/wp\/v2\/types\/product"}],"replies":[{"embeddable":true,"href":"https:\/\/hamyflore.com\/vi\/wp-json\/wp\/v2\/comments?post=1620"}],"version-history":[{"count":2,"href":"https:\/\/hamyflore.com\/vi\/wp-json\/wp\/v2\/product\/1620\/revisions"}],"predecessor-version":[{"id":1623,"href":"https:\/\/hamyflore.com\/vi\/wp-json\/wp\/v2\/product\/1620\/revisions\/1623"}],"wp:featuredmedia":[{"embeddable":true,"href":"https:\/\/hamyflore.com\/vi\/wp-json\/wp\/v2\/media\/1621"}],"wp:attachment":[{"href":"https:\/\/hamyflore.com\/vi\/wp-json\/wp\/v2\/media?parent=1620"}],"wp:term":[{"taxonomy":"product_brand","embeddable":true,"href":"https:\/\/hamyflore.com\/vi\/wp-json\/wp\/v2\/product_brand?post=1620"},{"taxonomy":"product_cat","embeddable":true,"href":"https:\/\/hamyflore.com\/vi\/wp-json\/wp\/v2\/product_cat?post=1620"},{"taxonomy":"product_tag","embeddable":true,"href":"https:\/\/hamyflore.com\/vi\/wp-json\/wp\/v2\/product_tag?post=1620"}],"curies":[{"name":"wp","href":"https:\/\/api.w.org\/{rel}","templated":true}]}}