{"id":1556,"date":"2025-04-12T07:36:46","date_gmt":"2025-04-12T07:36:46","guid":{"rendered":"https:\/\/hamyflore.com\/?post_type=product&#038;p=1556"},"modified":"2025-10-24T12:35:44","modified_gmt":"2025-10-24T12:35:44","slug":"%ec%8a%a4%ed%94%84%eb%a7%81-%eb%9f%ac%eb%b8%8c","status":"publish","type":"product","link":"https:\/\/hamyflore.com\/vi\/san-pham\/%ec%8a%a4%ed%94%84%eb%a7%81-%eb%9f%ac%eb%b8%8c\/","title":{"rendered":"t\u00ecnh y\u00eau m\u00f9a xu\u00e2n"},"content":{"rendered":"<div class=\"flex max-w-full flex-col grow\">\n<div class=\"min-h-8 text-message relative flex w-full flex-col items-end gap-2 text-start break-words whitespace-normal [.text-message+&amp;]:mt-5\" dir=\"auto\" data-message-author-role=\"assistant\" data-message-id=\"d67da3a1-c182-4598-ba48-fcf1c050cfca\" data-message-model-slug=\"gpt-4o\">\n<div class=\"flex w-full flex-col gap-1 empty:hidden first:pt-[3px]\">\n<div class=\"markdown prose dark:prose-invert w-full break-words light\">\n<h3 data-start=\"82\" data-end=\"107\"><img data-opt-id=609162847  fetchpriority=\"high\" decoding=\"async\" class=\"alignnone size-medium wp-image-1557\" src=\"https:\/\/mlmylfytwgtu.i.optimole.com\/w:225\/h:300\/q:mauto\/ig:avif\/https:\/\/hamyflore.com\/wp-content\/uploads\/2025\/04\/photo_2025-04-11_22-15-13.jpg\" alt=\"\uc2a4\ud504\ub9c1 \ub7ec\ube0c\" width=\"225\" height=\"300\" srcset=\"https:\/\/mlmylfytwgtu.i.optimole.com\/w:225\/h:300\/q:mauto\/ig:avif\/https:\/\/hamyflore.com\/wp-content\/uploads\/2025\/04\/photo_2025-04-11_22-15-13.jpg 225w, https:\/\/mlmylfytwgtu.i.optimole.com\/w:768\/h:1024\/q:mauto\/ig:avif\/https:\/\/hamyflore.com\/wp-content\/uploads\/2025\/04\/photo_2025-04-11_22-15-13.jpg 768w, https:\/\/mlmylfytwgtu.i.optimole.com\/w:9\/h:12\/q:mauto\/ig:avif\/https:\/\/hamyflore.com\/wp-content\/uploads\/2025\/04\/photo_2025-04-11_22-15-13.jpg 9w, https:\/\/mlmylfytwgtu.i.optimole.com\/w:600\/h:800\/q:mauto\/ig:avif\/https:\/\/hamyflore.com\/wp-content\/uploads\/2025\/04\/photo_2025-04-11_22-15-13.jpg 600w, https:\/\/mlmylfytwgtu.i.optimole.com\/w:810\/h:1080\/q:mauto\/ig:avif\/https:\/\/hamyflore.com\/wp-content\/uploads\/2025\/04\/photo_2025-04-11_22-15-13.jpg 960w\" sizes=\"(max-width: 225px) 100vw, 225px\" \/><\/h3>\n<p>&nbsp;<\/p>\n<h3 class=\"\" data-start=\"82\" data-end=\"107\">\ud83c\udf38 T\u00ean s\u1ea3n ph\u1ea9m: <strong data-start=\"94\" data-end=\"107\">t\u00ecnh y\u00eau m\u00f9a xu\u00e2n\u00a0<\/strong><\/h3>\n<h4 class=\"\" data-start=\"109\" data-end=\"123\">\ud83d\udc97 C\u00e1c t\u00ednh n\u0103ng ch\u00ednh:<\/h4>\n<ul data-start=\"124\" data-end=\"433\">\n<li class=\"\" data-start=\"124\" data-end=\"216\">\n<p class=\"\" data-start=\"126\" data-end=\"140\"><strong data-start=\"126\" data-end=\"137\">V\u1eadt li\u1ec7u hoa ch\u00ednh<\/strong>:<\/p>\n<ul data-start=\"143\" data-end=\"216\">\n<li class=\"\" data-start=\"143\" data-end=\"185\">\n<p class=\"\" data-start=\"145\" data-end=\"185\">Hoa c\u1ea9m ch\u01b0\u1edbng h\u1ed3ng, hoa \u0111\u1ed3ng ti\u1ec1n v\u00e0ng, hoa c\u00fac, hoa c\u1ea9m t\u00fa c\u1ea7u tr\u1eafng<\/p>\n<\/li>\n<li class=\"\" data-start=\"188\" data-end=\"216\">\n<p class=\"\" data-start=\"190\" data-end=\"216\">Nh\u1ea5n m\u1ea1nh s\u1ef1 t\u1ef1 nhi\u00ean v\u1edbi v\u1eadt li\u1ec7u xanh t\u1ef1 nhi\u00ean g\u1ee3i nh\u1edb \u0111\u1ebfn hoa d\u1ea1i<\/p>\n<\/li>\n<\/ul>\n<\/li>\n<li class=\"\" data-start=\"218\" data-end=\"344\">\n<p class=\"\" data-start=\"220\" data-end=\"234\"><strong data-start=\"220\" data-end=\"231\">\u0110i\u1ec3m thi\u1ebft k\u1ebf<\/strong>:<\/p>\n<ul data-start=\"237\" data-end=\"344\">\n<li class=\"\" data-start=\"237\" data-end=\"270\">\n<p class=\"\" data-start=\"239\" data-end=\"270\">L\u1edbp gi\u1ea5y g\u00f3i m\u1ec1m c\u00f3 k\u1ebft c\u1ea5u v\u1ea3i lanh v\u00e0 gi\u1ea5y b\u00f3ng k\u00ednh trong su\u1ed1t<\/p>\n<\/li>\n<li class=\"\" data-start=\"273\" data-end=\"310\">\n<p class=\"\" data-start=\"275\" data-end=\"310\">Loveliness UP v\u1edbi ruy b\u0103ng tr\u1eafng v\u00e0 d\u00e2y \u0111i\u1ec3m m\u00e0u h\u1ed3ng<\/p>\n<\/li>\n<li class=\"\" data-start=\"313\" data-end=\"344\">\n<p class=\"\" data-start=\"315\" data-end=\"344\">Qu\u00e0 t\u1eb7ng ho\u00e0n ch\u1ec9nh v\u1edbi b\u01b0u thi\u1ebfp v\u00e0 thi\u1ec7p tin nh\u1eafn<\/p>\n<\/li>\n<\/ul>\n<\/li>\n<li class=\"\" data-start=\"346\" data-end=\"378\">\n<p class=\"\" data-start=\"348\" data-end=\"378\"><strong data-start=\"348\" data-end=\"355\">k\u00edch c\u1ee1<\/strong>: R\u1ed9ng kho\u1ea3ng 35cm x cao 45cm<\/p>\n<\/li>\n<li class=\"\" data-start=\"379\" data-end=\"433\">\n<p class=\"\" data-start=\"381\" data-end=\"433\"><strong data-start=\"381\" data-end=\"390\">S\u1eed d\u1ee5ng \u0111\u01b0\u1ee3c \u0111\u1ec1 xu\u1ea5t<\/strong>: Sinh nh\u1eadt, k\u1ef7 ni\u1ec7m, t\u1ed1t nghi\u1ec7p, h\u1eb9n h\u00f2, qu\u00e0 t\u1eb7ng cho b\u1ea1n b\u00e8, khi b\u1ea1n mu\u1ed1n truy\u1ec1n t\u1ea3i t\u00e2m tr\u1ea1ng t\u01b0\u01a1i s\u00e1ng<\/p>\n<\/li>\n<\/ul>\n<hr class=\"\" data-start=\"435\" data-end=\"438\" \/>\n<p class=\"\" data-start=\"440\" data-end=\"539\">B\u00f3 hoa n\u00e0y c\u00f3 s\u1ef1 k\u1ebft h\u1ee3p m\u00e0u s\u1eafc \u1ea5m \u00e1p v\u00e0 \u0111\u1ea7y c\u1ea3m x\u00fac, <strong data-start=\"466\" data-end=\"487\">Hoa c\u1ea3m x\u00fac c\u1ee7a HamyFlore<\/strong> S\u1ea3n ph\u1ea9m n\u00e0y th\u1ec3 hi\u1ec7n r\u00f5 b\u1ea3n s\u1eafc th\u01b0\u01a1ng hi\u1ec7u. <strong data-start=\"513\" data-end=\"524\">Giao hoa t\u1eadn n\u01a1i t\u1ea1i H\u1ed3 Ch\u00ed Minh<\/strong>G\u1eedi tin nh\u1eafn \u0111\u1eb7c bi\u1ec7t v\u1edbi .<\/p>\n<\/div>\n<\/div>\n<\/div>\n<\/div>\n<div class=\"text-center\">\ud83c\udf3f\u00a0<strong data-start=\"315\" data-end=\"337\"><a href=\"https:\/\/hamyflore.com\/vi\/\" target=\"_blank\" rel=\"noopener\">Giao hoa t\u1eadn n\u01a1i t\u1ea1i H\u1ed3 Ch\u00ed Minh<\/a>B\u1ea1c HamyFlore<\/strong><br data-start=\"337\" data-end=\"340\" \/>Nh\u1eefng b\u00f4ng hoa tr\u00e0n \u0111\u1ea7y c\u1ea3m x\u00fac, m\u1ed9t m\u00f3n qu\u00e0 cho m\u1ed9t ng\u00e0y \u0111\u1eb7c bi\u1ec7t.<br data-start=\"363\" data-end=\"366\" \/>\u0110\u1eb7t h\u00e0ng ngay t\u1eeb HamyFlore.<\/div>\n<div class=\"flex w-full flex-col\" dir=\"ltr\" data-orientation=\"horizontal\">\n<div class=\"border-token-border-light relative flex w-full flex-row gap-6 border-b\" tabindex=\"0\" role=\"tablist\" aria-orientation=\"horizontal\" data-orientation=\"horizontal\">\n<div class=\"truncate\"><\/div>\n<\/div>\n<\/div>","protected":false},"excerpt":{"rendered":"<div class=\"flex max-w-full flex-col grow\">\n<div class=\"min-h-8 text-message relative flex w-full flex-col items-end gap-2 text-start break-words whitespace-normal [.text-message+&amp;]:mt-5\" dir=\"auto\" data-message-author-role=\"assistant\" data-message-id=\"d67da3a1-c182-4598-ba48-fcf1c050cfca\" data-message-model-slug=\"gpt-4o\">\n<div class=\"flex w-full flex-col gap-1 empty:hidden first:pt-[3px]\">\n<div class=\"markdown prose dark:prose-invert w-full break-words light\">\n<h3 data-start=\"82\" data-end=\"107\"><img data-opt-id=609162847  fetchpriority=\"high\" decoding=\"async\" class=\"alignnone size-medium wp-image-1557\" src=\"https:\/\/mlmylfytwgtu.i.optimole.com\/w:225\/h:300\/q:mauto\/ig:avif\/https:\/\/hamyflore.com\/wp-content\/uploads\/2025\/04\/photo_2025-04-11_22-15-13.jpg\" alt=\"\uc2a4\ud504\ub9c1 \ub7ec\ube0c\" width=\"225\" height=\"300\" srcset=\"https:\/\/mlmylfytwgtu.i.optimole.com\/w:225\/h:300\/q:mauto\/ig:avif\/https:\/\/hamyflore.com\/wp-content\/uploads\/2025\/04\/photo_2025-04-11_22-15-13.jpg 225w, https:\/\/mlmylfytwgtu.i.optimole.com\/w:768\/h:1024\/q:mauto\/ig:avif\/https:\/\/hamyflore.com\/wp-content\/uploads\/2025\/04\/photo_2025-04-11_22-15-13.jpg 768w, https:\/\/mlmylfytwgtu.i.optimole.com\/w:9\/h:12\/q:mauto\/ig:avif\/https:\/\/hamyflore.com\/wp-content\/uploads\/2025\/04\/photo_2025-04-11_22-15-13.jpg 9w, https:\/\/mlmylfytwgtu.i.optimole.com\/w:600\/h:800\/q:mauto\/ig:avif\/https:\/\/hamyflore.com\/wp-content\/uploads\/2025\/04\/photo_2025-04-11_22-15-13.jpg 600w, https:\/\/mlmylfytwgtu.i.optimole.com\/w:810\/h:1080\/q:mauto\/ig:avif\/https:\/\/hamyflore.com\/wp-content\/uploads\/2025\/04\/photo_2025-04-11_22-15-13.jpg 960w\" sizes=\"(max-width: 225px) 100vw, 225px\" \/><\/h3>\n<h3 class=\"\" data-start=\"82\" data-end=\"107\">\ud83c\udf38 T\u00ean s\u1ea3n ph\u1ea9m: <strong data-start=\"94\" data-end=\"107\">t\u00ecnh y\u00eau m\u00f9a xu\u00e2n\u00a0<\/strong><\/h3>\n<h4 class=\"\" data-start=\"109\" data-end=\"123\">\ud83d\udc97 C\u00e1c t\u00ednh n\u0103ng ch\u00ednh:<\/h4>\n<ul data-start=\"124\" data-end=\"433\">\n<li class=\"\" data-start=\"124\" data-end=\"216\">\n<p class=\"\" data-start=\"126\" data-end=\"140\"><strong data-start=\"126\" data-end=\"137\">V\u1eadt li\u1ec7u hoa ch\u00ednh<\/strong>:<\/p>\n<ul data-start=\"143\" data-end=\"216\">\n<li class=\"\" data-start=\"143\" data-end=\"185\">\n<p class=\"\" data-start=\"145\" data-end=\"185\">Hoa c\u1ea9m ch\u01b0\u1edbng h\u1ed3ng, hoa \u0111\u1ed3ng ti\u1ec1n v\u00e0ng, hoa c\u00fac, hoa c\u1ea9m t\u00fa c\u1ea7u tr\u1eafng<\/p>\n<\/li>\n<li class=\"\" data-start=\"188\" data-end=\"216\">\n<p class=\"\" data-start=\"190\" data-end=\"216\">Nh\u1ea5n m\u1ea1nh s\u1ef1 t\u1ef1 nhi\u00ean v\u1edbi v\u1eadt li\u1ec7u xanh t\u1ef1 nhi\u00ean g\u1ee3i nh\u1edb \u0111\u1ebfn hoa d\u1ea1i<\/p>\n<\/li>\n<\/ul>\n<\/li>\n<li class=\"\" data-start=\"218\" data-end=\"344\">\n<p class=\"\" data-start=\"220\" data-end=\"234\"><strong data-start=\"220\" data-end=\"231\">\u0110i\u1ec3m thi\u1ebft k\u1ebf<\/strong>:<\/p>\n<ul data-start=\"237\" data-end=\"344\">\n<li class=\"\" data-start=\"237\" data-end=\"270\">\n<p class=\"\" data-start=\"239\" data-end=\"270\">L\u1edbp gi\u1ea5y g\u00f3i m\u1ec1m c\u00f3 k\u1ebft c\u1ea5u v\u1ea3i lanh v\u00e0 gi\u1ea5y b\u00f3ng k\u00ednh trong su\u1ed1t<\/p>\n<\/li>\n<li class=\"\" data-start=\"273\" data-end=\"310\">\n<p class=\"\" data-start=\"275\" data-end=\"310\">Loveliness UP v\u1edbi ruy b\u0103ng tr\u1eafng v\u00e0 d\u00e2y \u0111i\u1ec3m m\u00e0u h\u1ed3ng<\/p>\n<\/li>\n<li class=\"\" data-start=\"313\" data-end=\"344\">\n<p class=\"\" data-start=\"315\" data-end=\"344\">Qu\u00e0 t\u1eb7ng ho\u00e0n ch\u1ec9nh v\u1edbi b\u01b0u thi\u1ebfp v\u00e0 thi\u1ec7p tin nh\u1eafn<\/p>\n<\/li>\n<\/ul>\n<\/li>\n<li class=\"\" data-start=\"346\" data-end=\"378\">\n<p class=\"\" data-start=\"348\" data-end=\"378\"><strong data-start=\"348\" data-end=\"355\">k\u00edch c\u1ee1<\/strong>: R\u1ed9ng kho\u1ea3ng 35cm x cao 45cm<\/p>\n<\/li>\n<li class=\"\" data-start=\"379\" data-end=\"433\">\n<p class=\"\" data-start=\"381\" data-end=\"433\"><strong data-start=\"381\" data-end=\"390\">S\u1eed d\u1ee5ng \u0111\u01b0\u1ee3c \u0111\u1ec1 xu\u1ea5t<\/strong>: Sinh nh\u1eadt, k\u1ef7 ni\u1ec7m, t\u1ed1t nghi\u1ec7p, h\u1eb9n h\u00f2, qu\u00e0 t\u1eb7ng cho b\u1ea1n b\u00e8, khi b\u1ea1n mu\u1ed1n truy\u1ec1n t\u1ea3i t\u00e2m tr\u1ea1ng t\u01b0\u01a1i s\u00e1ng<\/p>\n<\/li>\n<\/ul>\n<hr class=\"\" data-start=\"435\" data-end=\"438\" \/>\n<p class=\"\" data-start=\"440\" data-end=\"539\">B\u00f3 hoa n\u00e0y c\u00f3 s\u1ef1 k\u1ebft h\u1ee3p m\u00e0u s\u1eafc \u1ea5m \u00e1p v\u00e0 \u0111\u1ea7y c\u1ea3m x\u00fac, <strong data-start=\"466\" data-end=\"487\">Hoa c\u1ea3m x\u00fac c\u1ee7a HamyFlore<\/strong> S\u1ea3n ph\u1ea9m n\u00e0y th\u1ec3 hi\u1ec7n r\u00f5 b\u1ea3n s\u1eafc th\u01b0\u01a1ng hi\u1ec7u. <strong data-start=\"513\" data-end=\"524\">Giao hoa t\u1eadn n\u01a1i t\u1ea1i H\u1ed3 Ch\u00ed Minh<\/strong>G\u1eedi tin nh\u1eafn \u0111\u1eb7c bi\u1ec7t v\u1edbi .<\/p>\n<\/div>\n<\/div>\n<\/div>\n<\/div>\n<div class=\"text-center\">\ud83c\udf3f\u00a0<strong data-start=\"315\" data-end=\"337\"><a href=\"https:\/\/hamyflore.com\/vi\/\" target=\"_blank\" rel=\"noopener\">Giao hoa t\u1eadn n\u01a1i t\u1ea1i H\u1ed3 Ch\u00ed Minh<\/a>B\u1ea1c HamyFlore<\/strong><br data-start=\"337\" data-end=\"340\" \/>Nh\u1eefng b\u00f4ng hoa tr\u00e0n \u0111\u1ea7y c\u1ea3m x\u00fac, m\u1ed9t m\u00f3n qu\u00e0 cho m\u1ed9t ng\u00e0y \u0111\u1eb7c bi\u1ec7t.<br data-start=\"363\" data-end=\"366\" \/>\u0110\u1eb7t h\u00e0ng ngay t\u1eeb HamyFlore.<\/div>\n<div class=\"flex w-full flex-col\" dir=\"ltr\" data-orientation=\"horizontal\">\n<div class=\"border-token-border-light relative flex w-full flex-row gap-6 border-b\" tabindex=\"0\" role=\"tablist\" aria-orientation=\"horizontal\" data-orientation=\"horizontal\">\n<div class=\"truncate\"><\/div>\n<\/div>\n<\/div>","protected":false},"featured_media":1557,"comment_status":"open","ping_status":"closed","template":"","meta":{"site-sidebar-layout":"default","site-content-layout":"","ast-site-content-layout":"default","site-content-style":"default","site-sidebar-style":"default","ast-global-header-display":"","ast-banner-title-visibility":"","ast-main-header-display":"","ast-hfb-above-header-display":"","ast-hfb-below-header-display":"","ast-hfb-mobile-header-display":"","site-post-title":"","ast-breadcrumbs-content":"","ast-featured-img":"","footer-sml-layout":"","theme-transparent-header-meta":"default","adv-header-id-meta":"","stick-header-meta":"default","header-above-stick-meta":"","header-main-stick-meta":"","header-below-stick-meta":"","astra-migrate-meta-layouts":"set","ast-page-background-enabled":"default","ast-page-background-meta":{"desktop":{"background-color":"var(--ast-global-color-4)","background-image":"","background-repeat":"repeat","background-position":"center center","background-size":"auto","background-attachment":"scroll","background-type":"","background-media":"","overlay-type":"","overlay-color":"","overlay-opacity":"","overlay-gradient":""},"tablet":{"background-color":"","background-image":"","background-repeat":"repeat","background-position":"center center","background-size":"auto","background-attachment":"scroll","background-type":"","background-media":"","overlay-type":"","overlay-color":"","overlay-opacity":"","overlay-gradient":""},"mobile":{"background-color":"","background-image":"","background-repeat":"repeat","background-position":"center center","background-size":"auto","background-attachment":"scroll","background-type":"","background-media":"","overlay-type":"","overlay-color":"","overlay-opacity":"","overlay-gradient":""}},"ast-content-background-meta":{"desktop":{"background-color":"var(--ast-global-color-5)","background-image":"","background-repeat":"repeat","background-position":"center center","background-size":"auto","background-attachment":"scroll","background-type":"","background-media":"","overlay-type":"","overlay-color":"","overlay-opacity":"","overlay-gradient":""},"tablet":{"background-color":"var(--ast-global-color-5)","background-image":"","background-repeat":"repeat","background-position":"center center","background-size":"auto","background-attachment":"scroll","background-type":"","background-media":"","overlay-type":"","overlay-color":"","overlay-opacity":"","overlay-gradient":""},"mobile":{"background-color":"var(--ast-global-color-5)","background-image":"","background-repeat":"repeat","background-position":"center center","background-size":"auto","background-attachment":"scroll","background-type":"","background-media":"","overlay-type":"","overlay-color":"","overlay-opacity":"","overlay-gradient":""}}},"product_brand":[],"product_cat":[35],"product_tag":[80],"class_list":{"0":"post-1556","1":"product","2":"type-product","3":"status-publish","4":"has-post-thumbnail","6":"product_cat-35","7":"product_tag-80","8":"desktop-align-left","9":"tablet-align-left","10":"mobile-align-left","11":"ast-product-gallery-layout-first-image-large","12":"ast-product-tabs-layout-accordion","13":"ast-qv-on-image","15":"first","16":"instock","17":"sale","18":"taxable","19":"shipping-taxable","20":"purchasable","21":"product-type-simple"},"jetpack_sharing_enabled":true,"_links":{"self":[{"href":"https:\/\/hamyflore.com\/vi\/wp-json\/wp\/v2\/product\/1556","targetHints":{"allow":["GET"]}}],"collection":[{"href":"https:\/\/hamyflore.com\/vi\/wp-json\/wp\/v2\/product"}],"about":[{"href":"https:\/\/hamyflore.com\/vi\/wp-json\/wp\/v2\/types\/product"}],"replies":[{"embeddable":true,"href":"https:\/\/hamyflore.com\/vi\/wp-json\/wp\/v2\/comments?post=1556"}],"version-history":[{"count":2,"href":"https:\/\/hamyflore.com\/vi\/wp-json\/wp\/v2\/product\/1556\/revisions"}],"predecessor-version":[{"id":1559,"href":"https:\/\/hamyflore.com\/vi\/wp-json\/wp\/v2\/product\/1556\/revisions\/1559"}],"wp:featuredmedia":[{"embeddable":true,"href":"https:\/\/hamyflore.com\/vi\/wp-json\/wp\/v2\/media\/1557"}],"wp:attachment":[{"href":"https:\/\/hamyflore.com\/vi\/wp-json\/wp\/v2\/media?parent=1556"}],"wp:term":[{"taxonomy":"product_brand","embeddable":true,"href":"https:\/\/hamyflore.com\/vi\/wp-json\/wp\/v2\/product_brand?post=1556"},{"taxonomy":"product_cat","embeddable":true,"href":"https:\/\/hamyflore.com\/vi\/wp-json\/wp\/v2\/product_cat?post=1556"},{"taxonomy":"product_tag","embeddable":true,"href":"https:\/\/hamyflore.com\/vi\/wp-json\/wp\/v2\/product_tag?post=1556"}],"curies":[{"name":"wp","href":"https:\/\/api.w.org\/{rel}","templated":true}]}}