{"id":1552,"date":"2025-04-12T07:32:55","date_gmt":"2025-04-12T07:32:55","guid":{"rendered":"https:\/\/hamyflore.com\/?post_type=product&#038;p=1552"},"modified":"2025-10-30T15:35:41","modified_gmt":"2025-10-30T15:35:41","slug":"%ea%b7%b8%eb%a6%b0%ed%99%94%ec%9d%b4%ed%8a%b8-%ed%81%b4%eb%9e%98%ec%8b%9d","status":"publish","type":"product","link":"https:\/\/hamyflore.com\/vi\/san-pham\/%ea%b7%b8%eb%a6%b0%ed%99%94%ec%9d%b4%ed%8a%b8-%ed%81%b4%eb%9e%98%ec%8b%9d\/","title":{"rendered":"Xanh Tr\u1eafng C\u1ed5 \u0110i\u1ec3n"},"content":{"rendered":"<h3 data-start=\"93\" data-end=\"118\"><img data-opt-id=562494305  fetchpriority=\"high\" decoding=\"async\" class=\"alignnone size-medium wp-image-1553\" src=\"https:\/\/mlmylfytwgtu.i.optimole.com\/w:225\/h:300\/q:mauto\/ig:avif\/https:\/\/hamyflore.com\/wp-content\/uploads\/2025\/04\/photo_2025-04-11_22-15-47.jpg\" alt=\"\uadf8\ub9b0\ud654\uc774\ud2b8 \ud074\ub798\uc2dd\" width=\"225\" height=\"300\" srcset=\"https:\/\/mlmylfytwgtu.i.optimole.com\/w:225\/h:300\/q:mauto\/ig:avif\/https:\/\/hamyflore.com\/wp-content\/uploads\/2025\/04\/photo_2025-04-11_22-15-47.jpg 225w, https:\/\/mlmylfytwgtu.i.optimole.com\/w:767\/h:1024\/q:mauto\/ig:avif\/https:\/\/hamyflore.com\/wp-content\/uploads\/2025\/04\/photo_2025-04-11_22-15-47.jpg 767w, https:\/\/mlmylfytwgtu.i.optimole.com\/w:768\/h:1025\/q:mauto\/ig:avif\/https:\/\/hamyflore.com\/wp-content\/uploads\/2025\/04\/photo_2025-04-11_22-15-47.jpg 768w, https:\/\/mlmylfytwgtu.i.optimole.com\/w:9\/h:12\/q:mauto\/ig:avif\/https:\/\/hamyflore.com\/wp-content\/uploads\/2025\/04\/photo_2025-04-11_22-15-47.jpg 9w, https:\/\/mlmylfytwgtu.i.optimole.com\/w:600\/h:801\/q:mauto\/ig:avif\/https:\/\/hamyflore.com\/wp-content\/uploads\/2025\/04\/photo_2025-04-11_22-15-47.jpg 600w, https:\/\/mlmylfytwgtu.i.optimole.com\/w:809\/h:1080\/q:mauto\/ig:avif\/https:\/\/hamyflore.com\/wp-content\/uploads\/2025\/04\/photo_2025-04-11_22-15-47.jpg 959w\" sizes=\"(max-width: 225px) 100vw, 225px\" \/><\/h3>\n<p>&nbsp;<\/p>\n<h3 class=\"\" data-start=\"93\" data-end=\"118\">\ud83c\udf3f T\u00ean s\u1ea3n ph\u1ea9m: <strong data-start=\"105\" data-end=\"118\">Xanh Tr\u1eafng C\u1ed5 \u0110i\u1ec3n<\/strong><\/h3>\n<h4 class=\"\" data-start=\"120\" data-end=\"134\">\ud83c\udf43 C\u00e1c t\u00ednh n\u0103ng ch\u00ednh:<\/h4>\n<ul data-start=\"135\" data-end=\"440\">\n<li class=\"\" data-start=\"135\" data-end=\"230\">\n<p class=\"\" data-start=\"137\" data-end=\"151\"><strong data-start=\"137\" data-end=\"148\">V\u1eadt li\u1ec7u hoa ch\u00ednh<\/strong>:<\/p>\n<ul data-start=\"154\" data-end=\"230\">\n<li class=\"\" data-start=\"154\" data-end=\"189\">\n<p class=\"\" data-start=\"156\" data-end=\"189\">Hoa c\u1ea9m ch\u01b0\u1edbng tr\u1eafng v\u00e0 hoa \u0111\u1ed3ng ti\u1ec1n (trung t\u00e2m c\u1ee7a s\u1ef1 tinh khi\u1ebft v\u00e0 thanh th\u1ea3n)<\/p>\n<\/li>\n<li class=\"\" data-start=\"192\" data-end=\"230\">\n<p class=\"\" data-start=\"194\" data-end=\"230\">S\u1ef1 k\u1ebft h\u1ee3p h\u00e0i h\u00f2a gi\u1eefa v\u1eadt li\u1ec7u xanh chanh, l\u00e1 b\u1ea1ch \u0111\u00e0n v\u00e0 l\u00e1 d\u01b0\u01a1ng x\u1ec9<\/p>\n<\/li>\n<\/ul>\n<\/li>\n<li class=\"\" data-start=\"232\" data-end=\"354\">\n<p class=\"\" data-start=\"234\" data-end=\"248\"><strong data-start=\"234\" data-end=\"245\">\u0110i\u1ec3m thi\u1ebft k\u1ebf<\/strong>:<\/p>\n<ul data-start=\"251\" data-end=\"354\">\n<li class=\"\" data-start=\"251\" data-end=\"278\">\n<p class=\"\" data-start=\"253\" data-end=\"278\">S\u1ef1 k\u1ebft h\u1ee3p t\u01b0\u01a1i m\u1edbi nh\u01b0ng s\u1ea1ch s\u1ebd c\u1ee7a m\u00e0u tr\u1eafng v\u00e0 xanh l\u00e1 c\u00e2y<\/p>\n<\/li>\n<li class=\"\" data-start=\"281\" data-end=\"319\">\n<p class=\"\" data-start=\"283\" data-end=\"319\">Gi\u1ea5y g\u00f3i m\u00e0u v\u00e0ng nh\u1ea1t v\u00e0 ruy b\u0103ng m\u00e0u ng\u00e0 nh\u1eb9 nh\u00e0ng ho\u00e0n thi\u1ec7n b\u1ea7u kh\u00f4ng kh\u00ed chung.<\/p>\n<\/li>\n<li class=\"\" data-start=\"322\" data-end=\"354\">\n<p class=\"\" data-start=\"324\" data-end=\"354\">Ho\u00e0n h\u1ea3o \u0111\u1ec3 mang l\u1ea1i s\u1ef1 ch\u1eefa l\u00e0nh v\u00e0 tho\u1ea3i m\u00e1i v\u1edbi t\u00e2m tr\u1ea1ng s\u1ea3ng kho\u00e1i v\u00e0 t\u1ef1 nhi\u00ean.<\/p>\n<\/li>\n<\/ul>\n<\/li>\n<li class=\"\" data-start=\"356\" data-end=\"391\">\n<p class=\"\" data-start=\"358\" data-end=\"391\"><strong data-start=\"358\" data-end=\"365\">k\u00edch c\u1ee1<\/strong>: R\u1ed9ng kho\u1ea3ng 30cm x d\u00e0i 35~40cm<\/p>\n<\/li>\n<li class=\"\" data-start=\"392\" data-end=\"440\">\n<p class=\"\" data-start=\"394\" data-end=\"440\"><strong data-start=\"394\" data-end=\"403\">S\u1eed d\u1ee5ng \u0111\u01b0\u1ee3c \u0111\u1ec1 xu\u1ea5t<\/strong>:M\u1ed9t chuy\u1ebfn th\u0103m h\u1ecfi khi b\u1ecb \u1ed1m, m\u1ed9t l\u1eddi \u0111\u1ed9ng vi\u00ean, m\u1ed9t m\u00f3n qu\u00e0 c\u1ea3m \u01a1n d\u00e0nh cho gi\u00e1o vi\u00ean ho\u1eb7c cho m\u1ed9t ng\u01b0\u1eddi y\u00eau thi\u00ean nhi\u00ean.<\/p>\n<\/li>\n<\/ul>\n<hr class=\"\" data-start=\"442\" data-end=\"445\" \/>\n<p class=\"\" data-start=\"447\" data-end=\"530\">B\u00f3 hoa n\u00e0y ho\u00e0n h\u1ea3o cho nh\u1eefng ai th\u00edch b\u1ea7u kh\u00f4ng kh\u00ed \u0111\u01a1n gi\u1ea3n v\u00e0 tho\u1ea3i m\u00e1i. <strong data-start=\"485\" data-end=\"509\">HamyFlore, chuy\u00ean gia giao hoa t\u1ea1i Th\u00e0nh ph\u1ed1 H\u1ed3 Ch\u00ed Minh<\/strong>Ch\u00fang t\u00f4i mang \u0111\u1ebfn s\u1ef1 nh\u1ea1y c\u1ea3m tinh t\u1ebf c\u1ee7a .<\/p>\n<p data-start=\"447\" data-end=\"530\">\n<p data-start=\"447\" data-end=\"530\">\ud83c\udf3f\u00a0<strong data-start=\"315\" data-end=\"337\"><a href=\"https:\/\/hamyflore.com\/vi\/\" target=\"_blank\" rel=\"noopener\">Giao hoa t\u1eadn n\u01a1i t\u1ea1i H\u1ed3 Ch\u00ed Minh<\/a>B\u1ea1c HamyFlore<\/strong><br data-start=\"337\" data-end=\"340\" \/>Nh\u1eefng b\u00f4ng hoa tr\u00e0n \u0111\u1ea7y c\u1ea3m x\u00fac, m\u1ed9t m\u00f3n qu\u00e0 cho m\u1ed9t ng\u00e0y \u0111\u1eb7c bi\u1ec7t.<br data-start=\"363\" data-end=\"366\" \/>\u0110\u1eb7t h\u00e0ng ngay t\u1eeb HamyFlore.<\/p>","protected":false},"excerpt":{"rendered":"<p><img data-opt-id=562494305  fetchpriority=\"high\" decoding=\"async\" class=\"alignnone size-medium wp-image-1553\" src=\"https:\/\/mlmylfytwgtu.i.optimole.com\/w:225\/h:300\/q:mauto\/ig:avif\/https:\/\/hamyflore.com\/wp-content\/uploads\/2025\/04\/photo_2025-04-11_22-15-47.jpg\" alt=\"\uadf8\ub9b0\ud654\uc774\ud2b8 \ud074\ub798\uc2dd\" width=\"225\" height=\"300\" srcset=\"https:\/\/mlmylfytwgtu.i.optimole.com\/w:225\/h:300\/q:mauto\/ig:avif\/https:\/\/hamyflore.com\/wp-content\/uploads\/2025\/04\/photo_2025-04-11_22-15-47.jpg 225w, https:\/\/mlmylfytwgtu.i.optimole.com\/w:767\/h:1024\/q:mauto\/ig:avif\/https:\/\/hamyflore.com\/wp-content\/uploads\/2025\/04\/photo_2025-04-11_22-15-47.jpg 767w, https:\/\/mlmylfytwgtu.i.optimole.com\/w:768\/h:1025\/q:mauto\/ig:avif\/https:\/\/hamyflore.com\/wp-content\/uploads\/2025\/04\/photo_2025-04-11_22-15-47.jpg 768w, https:\/\/mlmylfytwgtu.i.optimole.com\/w:9\/h:12\/q:mauto\/ig:avif\/https:\/\/hamyflore.com\/wp-content\/uploads\/2025\/04\/photo_2025-04-11_22-15-47.jpg 9w, https:\/\/mlmylfytwgtu.i.optimole.com\/w:600\/h:801\/q:mauto\/ig:avif\/https:\/\/hamyflore.com\/wp-content\/uploads\/2025\/04\/photo_2025-04-11_22-15-47.jpg 600w, https:\/\/mlmylfytwgtu.i.optimole.com\/w:809\/h:1080\/q:mauto\/ig:avif\/https:\/\/hamyflore.com\/wp-content\/uploads\/2025\/04\/photo_2025-04-11_22-15-47.jpg 959w\" sizes=\"(max-width: 225px) 100vw, 225px\" \/><\/p>\n<p>&nbsp;<\/p>\n<h3 class=\"\" data-start=\"93\" data-end=\"118\">\ud83c\udf3f T\u00ean s\u1ea3n ph\u1ea9m: <strong data-start=\"105\" data-end=\"118\">Xanh Tr\u1eafng C\u1ed5 \u0110i\u1ec3n<\/strong><\/h3>\n<h4 class=\"\" data-start=\"120\" data-end=\"134\">\ud83c\udf43 C\u00e1c t\u00ednh n\u0103ng ch\u00ednh:<\/h4>\n<ul data-start=\"135\" data-end=\"440\">\n<li class=\"\" data-start=\"135\" data-end=\"230\">\n<p class=\"\" data-start=\"137\" data-end=\"151\"><strong data-start=\"137\" data-end=\"148\">V\u1eadt li\u1ec7u hoa ch\u00ednh<\/strong>:<\/p>\n<ul data-start=\"154\" data-end=\"230\">\n<li class=\"\" data-start=\"154\" data-end=\"189\">\n<p class=\"\" data-start=\"156\" data-end=\"189\">Hoa c\u1ea9m ch\u01b0\u1edbng tr\u1eafng v\u00e0 hoa \u0111\u1ed3ng ti\u1ec1n (trung t\u00e2m c\u1ee7a s\u1ef1 tinh khi\u1ebft v\u00e0 thanh th\u1ea3n)<\/p>\n<\/li>\n<li class=\"\" data-start=\"192\" data-end=\"230\">\n<p class=\"\" data-start=\"194\" data-end=\"230\">S\u1ef1 k\u1ebft h\u1ee3p h\u00e0i h\u00f2a gi\u1eefa v\u1eadt li\u1ec7u xanh chanh, l\u00e1 b\u1ea1ch \u0111\u00e0n v\u00e0 l\u00e1 d\u01b0\u01a1ng x\u1ec9<\/p>\n<\/li>\n<\/ul>\n<\/li>\n<li class=\"\" data-start=\"232\" data-end=\"354\">\n<p class=\"\" data-start=\"234\" data-end=\"248\"><strong data-start=\"234\" data-end=\"245\">\u0110i\u1ec3m thi\u1ebft k\u1ebf<\/strong>:<\/p>\n<ul data-start=\"251\" data-end=\"354\">\n<li class=\"\" data-start=\"251\" data-end=\"278\">\n<p class=\"\" data-start=\"253\" data-end=\"278\">S\u1ef1 k\u1ebft h\u1ee3p t\u01b0\u01a1i m\u1edbi nh\u01b0ng s\u1ea1ch s\u1ebd c\u1ee7a m\u00e0u tr\u1eafng v\u00e0 xanh l\u00e1 c\u00e2y<\/p>\n<\/li>\n<li class=\"\" data-start=\"281\" data-end=\"319\">\n<p class=\"\" data-start=\"283\" data-end=\"319\">Gi\u1ea5y g\u00f3i m\u00e0u v\u00e0ng nh\u1ea1t v\u00e0 ruy b\u0103ng m\u00e0u ng\u00e0 nh\u1eb9 nh\u00e0ng ho\u00e0n thi\u1ec7n b\u1ea7u kh\u00f4ng kh\u00ed chung.<\/p>\n<\/li>\n<li class=\"\" data-start=\"322\" data-end=\"354\">\n<p class=\"\" data-start=\"324\" data-end=\"354\">Ho\u00e0n h\u1ea3o \u0111\u1ec3 mang l\u1ea1i s\u1ef1 ch\u1eefa l\u00e0nh v\u00e0 tho\u1ea3i m\u00e1i v\u1edbi t\u00e2m tr\u1ea1ng s\u1ea3ng kho\u00e1i v\u00e0 t\u1ef1 nhi\u00ean.<\/p>\n<\/li>\n<\/ul>\n<\/li>\n<li class=\"\" data-start=\"356\" data-end=\"391\">\n<p class=\"\" data-start=\"358\" data-end=\"391\"><strong data-start=\"358\" data-end=\"365\">k\u00edch c\u1ee1<\/strong>: R\u1ed9ng kho\u1ea3ng 30cm x d\u00e0i 35~40cm<\/p>\n<\/li>\n<li class=\"\" data-start=\"392\" data-end=\"440\">\n<p class=\"\" data-start=\"394\" data-end=\"440\"><strong data-start=\"394\" data-end=\"403\">S\u1eed d\u1ee5ng \u0111\u01b0\u1ee3c \u0111\u1ec1 xu\u1ea5t<\/strong>:M\u1ed9t chuy\u1ebfn th\u0103m h\u1ecfi khi b\u1ecb \u1ed1m, m\u1ed9t l\u1eddi \u0111\u1ed9ng vi\u00ean, m\u1ed9t m\u00f3n qu\u00e0 c\u1ea3m \u01a1n d\u00e0nh cho gi\u00e1o vi\u00ean ho\u1eb7c cho m\u1ed9t ng\u01b0\u1eddi y\u00eau thi\u00ean nhi\u00ean.<\/p>\n<\/li>\n<\/ul>\n<hr class=\"\" data-start=\"442\" data-end=\"445\" \/>\n<p class=\"\" data-start=\"447\" data-end=\"530\">B\u00f3 hoa n\u00e0y ho\u00e0n h\u1ea3o cho nh\u1eefng ai th\u00edch b\u1ea7u kh\u00f4ng kh\u00ed \u0111\u01a1n gi\u1ea3n v\u00e0 tho\u1ea3i m\u00e1i. <strong data-start=\"485\" data-end=\"509\">HamyFlore, chuy\u00ean gia giao hoa t\u1ea1i Th\u00e0nh ph\u1ed1 H\u1ed3 Ch\u00ed Minh<\/strong>Ch\u00fang t\u00f4i mang \u0111\u1ebfn s\u1ef1 nh\u1ea1y c\u1ea3m tinh t\u1ebf c\u1ee7a .<\/p>\n<p data-start=\"447\" data-end=\"530\">\n<p data-start=\"447\" data-end=\"530\">\ud83c\udf3f\u00a0<strong data-start=\"315\" data-end=\"337\"><a href=\"https:\/\/hamyflore.com\/vi\/\" target=\"_blank\" rel=\"noopener\">Giao hoa t\u1eadn n\u01a1i t\u1ea1i H\u1ed3 Ch\u00ed Minh<\/a>B\u1ea1c HamyFlore<\/strong><br data-start=\"337\" data-end=\"340\" \/>Nh\u1eefng b\u00f4ng hoa tr\u00e0n \u0111\u1ea7y c\u1ea3m x\u00fac, m\u1ed9t m\u00f3n qu\u00e0 cho m\u1ed9t ng\u00e0y \u0111\u1eb7c bi\u1ec7t.<br data-start=\"363\" data-end=\"366\" \/>\u0110\u1eb7t h\u00e0ng ngay t\u1eeb HamyFlore.<\/p>","protected":false},"featured_media":1553,"comment_status":"open","ping_status":"closed","template":"","meta":{"site-sidebar-layout":"default","site-content-layout":"","ast-site-content-layout":"default","site-content-style":"default","site-sidebar-style":"default","ast-global-header-display":"","ast-banner-title-visibility":"","ast-main-header-display":"","ast-hfb-above-header-display":"","ast-hfb-below-header-display":"","ast-hfb-mobile-header-display":"","site-post-title":"","ast-breadcrumbs-content":"","ast-featured-img":"","footer-sml-layout":"","theme-transparent-header-meta":"default","adv-header-id-meta":"","stick-header-meta":"default","header-above-stick-meta":"","header-main-stick-meta":"","header-below-stick-meta":"","astra-migrate-meta-layouts":"set","ast-page-background-enabled":"default","ast-page-background-meta":{"desktop":{"background-color":"var(--ast-global-color-4)","background-image":"","background-repeat":"repeat","background-position":"center center","background-size":"auto","background-attachment":"scroll","background-type":"","background-media":"","overlay-type":"","overlay-color":"","overlay-opacity":"","overlay-gradient":""},"tablet":{"background-color":"","background-image":"","background-repeat":"repeat","background-position":"center center","background-size":"auto","background-attachment":"scroll","background-type":"","background-media":"","overlay-type":"","overlay-color":"","overlay-opacity":"","overlay-gradient":""},"mobile":{"background-color":"","background-image":"","background-repeat":"repeat","background-position":"center center","background-size":"auto","background-attachment":"scroll","background-type":"","background-media":"","overlay-type":"","overlay-color":"","overlay-opacity":"","overlay-gradient":""}},"ast-content-background-meta":{"desktop":{"background-color":"var(--ast-global-color-5)","background-image":"","background-repeat":"repeat","background-position":"center center","background-size":"auto","background-attachment":"scroll","background-type":"","background-media":"","overlay-type":"","overlay-color":"","overlay-opacity":"","overlay-gradient":""},"tablet":{"background-color":"var(--ast-global-color-5)","background-image":"","background-repeat":"repeat","background-position":"center center","background-size":"auto","background-attachment":"scroll","background-type":"","background-media":"","overlay-type":"","overlay-color":"","overlay-opacity":"","overlay-gradient":""},"mobile":{"background-color":"var(--ast-global-color-5)","background-image":"","background-repeat":"repeat","background-position":"center center","background-size":"auto","background-attachment":"scroll","background-type":"","background-media":"","overlay-type":"","overlay-color":"","overlay-opacity":"","overlay-gradient":""}}},"product_brand":[],"product_cat":[35],"product_tag":[79],"class_list":{"0":"post-1552","1":"product","2":"type-product","3":"status-publish","4":"has-post-thumbnail","6":"product_cat-35","7":"product_tag-79","8":"desktop-align-left","9":"tablet-align-left","10":"mobile-align-left","11":"ast-product-gallery-layout-first-image-large","12":"ast-product-tabs-layout-accordion","13":"ast-qv-on-image","15":"first","16":"instock","17":"sale","18":"taxable","19":"shipping-taxable","20":"purchasable","21":"product-type-simple"},"jetpack_sharing_enabled":true,"_links":{"self":[{"href":"https:\/\/hamyflore.com\/vi\/wp-json\/wp\/v2\/product\/1552","targetHints":{"allow":["GET"]}}],"collection":[{"href":"https:\/\/hamyflore.com\/vi\/wp-json\/wp\/v2\/product"}],"about":[{"href":"https:\/\/hamyflore.com\/vi\/wp-json\/wp\/v2\/types\/product"}],"replies":[{"embeddable":true,"href":"https:\/\/hamyflore.com\/vi\/wp-json\/wp\/v2\/comments?post=1552"}],"version-history":[{"count":2,"href":"https:\/\/hamyflore.com\/vi\/wp-json\/wp\/v2\/product\/1552\/revisions"}],"predecessor-version":[{"id":1555,"href":"https:\/\/hamyflore.com\/vi\/wp-json\/wp\/v2\/product\/1552\/revisions\/1555"}],"wp:featuredmedia":[{"embeddable":true,"href":"https:\/\/hamyflore.com\/vi\/wp-json\/wp\/v2\/media\/1553"}],"wp:attachment":[{"href":"https:\/\/hamyflore.com\/vi\/wp-json\/wp\/v2\/media?parent=1552"}],"wp:term":[{"taxonomy":"product_brand","embeddable":true,"href":"https:\/\/hamyflore.com\/vi\/wp-json\/wp\/v2\/product_brand?post=1552"},{"taxonomy":"product_cat","embeddable":true,"href":"https:\/\/hamyflore.com\/vi\/wp-json\/wp\/v2\/product_cat?post=1552"},{"taxonomy":"product_tag","embeddable":true,"href":"https:\/\/hamyflore.com\/vi\/wp-json\/wp\/v2\/product_tag?post=1552"}],"curies":[{"name":"wp","href":"https:\/\/api.w.org\/{rel}","templated":true}]}}