{"id":1547,"date":"2025-04-12T07:23:25","date_gmt":"2025-04-12T07:23:25","guid":{"rendered":"https:\/\/hamyflore.com\/?post_type=product&#038;p=1547"},"modified":"2025-10-19T07:51:38","modified_gmt":"2025-10-19T07:51:38","slug":"%f0%9f%8c%b9-%eb%9f%ac%eb%b8%8c-%ec%9d%b8-%ed%81%b4%eb%9e%98%ec%8b%9d","status":"publish","type":"product","link":"https:\/\/hamyflore.com\/vi\/san-pham\/%f0%9f%8c%b9-%eb%9f%ac%eb%b8%8c-%ec%9d%b8-%ed%81%b4%eb%9e%98%ec%8b%9d\/","title":{"rendered":"\ud83c\udf39 T\u00ecnh y\u00eau trong c\u1ed5 \u0111i\u1ec3n"},"content":{"rendered":"<h3 data-start=\"84\" data-end=\"108\"><img data-opt-id=1347874520  fetchpriority=\"high\" decoding=\"async\" class=\"alignnone size-medium wp-image-1548\" src=\"https:\/\/mlmylfytwgtu.i.optimole.com\/w:225\/h:300\/q:mauto\/ig:avif\/https:\/\/hamyflore.com\/wp-content\/uploads\/2025\/04\/photo_2025-04-11_22-15-52.jpg\" alt=\"\ub7ec\ube0c \uc778 \ud074\ub798\uc2dd\" width=\"225\" height=\"300\" srcset=\"https:\/\/mlmylfytwgtu.i.optimole.com\/w:225\/h:300\/q:mauto\/ig:avif\/https:\/\/hamyflore.com\/wp-content\/uploads\/2025\/04\/photo_2025-04-11_22-15-52.jpg 225w, https:\/\/mlmylfytwgtu.i.optimole.com\/w:767\/h:1024\/q:mauto\/ig:avif\/https:\/\/hamyflore.com\/wp-content\/uploads\/2025\/04\/photo_2025-04-11_22-15-52.jpg 767w, https:\/\/mlmylfytwgtu.i.optimole.com\/w:768\/h:1025\/q:mauto\/ig:avif\/https:\/\/hamyflore.com\/wp-content\/uploads\/2025\/04\/photo_2025-04-11_22-15-52.jpg 768w, https:\/\/mlmylfytwgtu.i.optimole.com\/w:9\/h:12\/q:mauto\/ig:avif\/https:\/\/hamyflore.com\/wp-content\/uploads\/2025\/04\/photo_2025-04-11_22-15-52.jpg 9w, https:\/\/mlmylfytwgtu.i.optimole.com\/w:600\/h:801\/q:mauto\/ig:avif\/https:\/\/hamyflore.com\/wp-content\/uploads\/2025\/04\/photo_2025-04-11_22-15-52.jpg 600w, https:\/\/mlmylfytwgtu.i.optimole.com\/w:809\/h:1080\/q:mauto\/ig:avif\/https:\/\/hamyflore.com\/wp-content\/uploads\/2025\/04\/photo_2025-04-11_22-15-52.jpg 956w\" sizes=\"(max-width: 225px) 100vw, 225px\" \/><\/h3>\n<p>&nbsp;<\/p>\n<h3 class=\"\" data-start=\"84\" data-end=\"108\">\ud83c\udf39 T\u00ean s\u1ea3n ph\u1ea9m: <strong data-start=\"96\" data-end=\"108\">T\u00ecnh y\u00eau trong c\u1ed5 \u0111i\u1ec3n<\/strong><\/h3>\n<h4 class=\"\" data-start=\"110\" data-end=\"124\">\ud83d\udc8e C\u00e1c t\u00ednh n\u0103ng ch\u00ednh:<\/h4>\n<ul data-start=\"125\" data-end=\"400\">\n<li class=\"\" data-start=\"125\" data-end=\"201\">\n<p class=\"\" data-start=\"127\" data-end=\"141\"><strong data-start=\"127\" data-end=\"138\">V\u1eadt li\u1ec7u hoa ch\u00ednh<\/strong>:<\/p>\n<ul data-start=\"144\" data-end=\"201\">\n<li class=\"\" data-start=\"144\" data-end=\"170\">\n<p class=\"\" data-start=\"146\" data-end=\"170\">Hoa h\u1ed3ng \u0111\u1ecf th\u1eabm (Bi\u1ec3u t\u01b0\u1ee3ng c\u1ee7a t\u00ecnh y\u00eau v\u00e0 \u0111am m\u00ea)<\/p>\n<\/li>\n<li class=\"\" data-start=\"173\" data-end=\"201\">\n<p class=\"\" data-start=\"175\" data-end=\"201\">Th\u00eam kh\u1ed1i l\u01b0\u1ee3ng phong ph\u00fa v\u00e0 hi\u1ec7u \u1ee9ng ba chi\u1ec1u v\u1edbi l\u00e1 m\u0103ng t\u00e2y<\/p>\n<\/li>\n<\/ul>\n<\/li>\n<li class=\"\" data-start=\"203\" data-end=\"319\">\n<p class=\"\" data-start=\"205\" data-end=\"219\"><strong data-start=\"205\" data-end=\"216\">\u0110i\u1ec3m thi\u1ebft k\u1ebf<\/strong>:<\/p>\n<ul data-start=\"222\" data-end=\"319\">\n<li class=\"\" data-start=\"222\" data-end=\"254\">\n<p class=\"\" data-start=\"224\" data-end=\"254\">Hoa h\u1ed3ng \u0111\u1ecf t\u01b0\u01a1i t\u01b0\u01a1ng ph\u1ea3n v\u1edbi bao b\u00ec m\u00e0u tr\u1eafng sang tr\u1ecdng<\/p>\n<\/li>\n<li class=\"\" data-start=\"257\" data-end=\"289\">\n<p class=\"\" data-start=\"259\" data-end=\"289\">D\u1ea3i ruy b\u0103ng c\u00f3 m\u00e0u \u0111\u1ecf \u0111\u1eadm t\u1ea1o n\u00ean b\u1ea7u kh\u00f4ng kh\u00ed c\u1ed5 \u0111i\u1ec3n v\u00e0 tinh t\u1ebf.<\/p>\n<\/li>\n<li class=\"\" data-start=\"292\" data-end=\"319\">\n<p class=\"\" data-start=\"294\" data-end=\"319\">M\u1ed9t b\u00f3 hoa cao c\u1ea5p thu h\u00fat m\u1ecdi \u00e1nh nh\u00ecn v\u1edbi k\u00edch th\u01b0\u1edbc tuy\u1ec7t \u0111\u1eb9p<\/p>\n<\/li>\n<\/ul>\n<\/li>\n<li class=\"\" data-start=\"321\" data-end=\"353\">\n<p class=\"\" data-start=\"323\" data-end=\"353\"><strong data-start=\"323\" data-end=\"330\">k\u00edch c\u1ee1<\/strong>: R\u1ed9ng kho\u1ea3ng 50cm x d\u00e0i 60cm<\/p>\n<\/li>\n<li class=\"\" data-start=\"354\" data-end=\"400\">\n<p class=\"\" data-start=\"356\" data-end=\"400\"><strong data-start=\"356\" data-end=\"365\">S\u1eed d\u1ee5ng \u0111\u01b0\u1ee3c \u0111\u1ec1 xu\u1ea5t<\/strong>: C\u1ea7u h\u00f4n, k\u1ef7 ni\u1ec7m, sinh nh\u1eadt, t\u1ecf t\u00ecnh, trang tr\u00ed ti\u1ec7c c\u01b0\u1edbi, thi\u1ebft l\u1eadp khu v\u1ef1c ch\u1ee5p \u1ea3nh<\/p>\n<\/li>\n<\/ul>\n<hr class=\"\" data-start=\"402\" data-end=\"405\" \/>\n<p class=\"\" data-start=\"407\" data-end=\"507\">B\u00f3 hoa n\u00e0y l\u00e0 s\u1ef1 l\u1ef1a ch\u1ecdn ho\u00e0n h\u1ea3o cho nh\u1eefng kho\u1ea3nh kh\u1eafc b\u1ea1n mu\u1ed1n truy\u1ec1n t\u1ea3i th\u00f4ng \u0111i\u1ec7p y\u00eau th\u01b0\u01a1ng n\u1ed3ng n\u00e0n. Theo phong c\u00e1ch \u0111\u1eb7c tr\u01b0ng c\u1ee7a HamyFlore, <strong data-start=\"479\" data-end=\"490\">Giao hoa t\u1eadn n\u01a1i t\u1ea1i H\u1ed3 Ch\u00ed Minh<\/strong>N\u00f3 \u0111\u01b0\u1ee3c truy\u1ec1n t\u1ea3i m\u1ed9t c\u00e1ch ch\u00e2n th\u00e0nh th\u00f4ng qua .<\/p>\n<p data-start=\"407\" data-end=\"507\">\n<p data-start=\"407\" data-end=\"507\">\ud83c\udf3f\u00a0<strong data-start=\"315\" data-end=\"337\"><a href=\"https:\/\/hamyflore.com\/vi\/\" target=\"_blank\" rel=\"noopener\">Giao hoa t\u1eadn n\u01a1i t\u1ea1i H\u1ed3 Ch\u00ed Minh<\/a>B\u1ea1c HamyFlore<\/strong><br data-start=\"337\" data-end=\"340\" \/>Nh\u1eefng b\u00f4ng hoa tr\u00e0n \u0111\u1ea7y c\u1ea3m x\u00fac, m\u1ed9t m\u00f3n qu\u00e0 cho m\u1ed9t ng\u00e0y \u0111\u1eb7c bi\u1ec7t.<br data-start=\"363\" data-end=\"366\" \/>\u0110\u1eb7t h\u00e0ng ngay t\u1eeb HamyFlore.<\/p>","protected":false},"excerpt":{"rendered":"<p><img data-opt-id=1347874520  fetchpriority=\"high\" decoding=\"async\" class=\"alignnone size-medium wp-image-1548\" src=\"https:\/\/mlmylfytwgtu.i.optimole.com\/w:225\/h:300\/q:mauto\/ig:avif\/https:\/\/hamyflore.com\/wp-content\/uploads\/2025\/04\/photo_2025-04-11_22-15-52.jpg\" alt=\"\ub7ec\ube0c \uc778 \ud074\ub798\uc2dd\" width=\"225\" height=\"300\" srcset=\"https:\/\/mlmylfytwgtu.i.optimole.com\/w:225\/h:300\/q:mauto\/ig:avif\/https:\/\/hamyflore.com\/wp-content\/uploads\/2025\/04\/photo_2025-04-11_22-15-52.jpg 225w, https:\/\/mlmylfytwgtu.i.optimole.com\/w:767\/h:1024\/q:mauto\/ig:avif\/https:\/\/hamyflore.com\/wp-content\/uploads\/2025\/04\/photo_2025-04-11_22-15-52.jpg 767w, https:\/\/mlmylfytwgtu.i.optimole.com\/w:768\/h:1025\/q:mauto\/ig:avif\/https:\/\/hamyflore.com\/wp-content\/uploads\/2025\/04\/photo_2025-04-11_22-15-52.jpg 768w, https:\/\/mlmylfytwgtu.i.optimole.com\/w:9\/h:12\/q:mauto\/ig:avif\/https:\/\/hamyflore.com\/wp-content\/uploads\/2025\/04\/photo_2025-04-11_22-15-52.jpg 9w, https:\/\/mlmylfytwgtu.i.optimole.com\/w:600\/h:801\/q:mauto\/ig:avif\/https:\/\/hamyflore.com\/wp-content\/uploads\/2025\/04\/photo_2025-04-11_22-15-52.jpg 600w, https:\/\/mlmylfytwgtu.i.optimole.com\/w:809\/h:1080\/q:mauto\/ig:avif\/https:\/\/hamyflore.com\/wp-content\/uploads\/2025\/04\/photo_2025-04-11_22-15-52.jpg 956w\" sizes=\"(max-width: 225px) 100vw, 225px\" \/><\/p>\n<p>&nbsp;<\/p>\n<p>B\u00f3 hoa n\u00e0y l\u00e0 s\u1ef1 l\u1ef1a ch\u1ecdn ho\u00e0n h\u1ea3o cho nh\u1eefng kho\u1ea3nh kh\u1eafc b\u1ea1n mu\u1ed1n truy\u1ec1n t\u1ea3i th\u00f4ng \u0111i\u1ec7p y\u00eau th\u01b0\u01a1ng n\u1ed3ng n\u00e0n. Theo phong c\u00e1ch \u0111\u1eb7c tr\u01b0ng c\u1ee7a HamyFlore, <strong data-start=\"479\" data-end=\"490\">Giao hoa t\u1eadn n\u01a1i t\u1ea1i H\u1ed3 Ch\u00ed Minh<\/strong>N\u00f3 \u0111\u01b0\u1ee3c truy\u1ec1n t\u1ea3i m\u1ed9t c\u00e1ch ch\u00e2n th\u00e0nh th\u00f4ng qua .<\/p>","protected":false},"featured_media":1548,"comment_status":"open","ping_status":"closed","template":"","meta":{"site-sidebar-layout":"default","site-content-layout":"","ast-site-content-layout":"default","site-content-style":"default","site-sidebar-style":"default","ast-global-header-display":"","ast-banner-title-visibility":"","ast-main-header-display":"","ast-hfb-above-header-display":"","ast-hfb-below-header-display":"","ast-hfb-mobile-header-display":"","site-post-title":"","ast-breadcrumbs-content":"","ast-featured-img":"","footer-sml-layout":"","theme-transparent-header-meta":"default","adv-header-id-meta":"","stick-header-meta":"default","header-above-stick-meta":"","header-main-stick-meta":"","header-below-stick-meta":"","astra-migrate-meta-layouts":"set","ast-page-background-enabled":"default","ast-page-background-meta":{"desktop":{"background-color":"var(--ast-global-color-4)","background-image":"","background-repeat":"repeat","background-position":"center center","background-size":"auto","background-attachment":"scroll","background-type":"","background-media":"","overlay-type":"","overlay-color":"","overlay-opacity":"","overlay-gradient":""},"tablet":{"background-color":"","background-image":"","background-repeat":"repeat","background-position":"center center","background-size":"auto","background-attachment":"scroll","background-type":"","background-media":"","overlay-type":"","overlay-color":"","overlay-opacity":"","overlay-gradient":""},"mobile":{"background-color":"","background-image":"","background-repeat":"repeat","background-position":"center center","background-size":"auto","background-attachment":"scroll","background-type":"","background-media":"","overlay-type":"","overlay-color":"","overlay-opacity":"","overlay-gradient":""}},"ast-content-background-meta":{"desktop":{"background-color":"var(--ast-global-color-5)","background-image":"","background-repeat":"repeat","background-position":"center center","background-size":"auto","background-attachment":"scroll","background-type":"","background-media":"","overlay-type":"","overlay-color":"","overlay-opacity":"","overlay-gradient":""},"tablet":{"background-color":"var(--ast-global-color-5)","background-image":"","background-repeat":"repeat","background-position":"center center","background-size":"auto","background-attachment":"scroll","background-type":"","background-media":"","overlay-type":"","overlay-color":"","overlay-opacity":"","overlay-gradient":""},"mobile":{"background-color":"var(--ast-global-color-5)","background-image":"","background-repeat":"repeat","background-position":"center center","background-size":"auto","background-attachment":"scroll","background-type":"","background-media":"","overlay-type":"","overlay-color":"","overlay-opacity":"","overlay-gradient":""}}},"product_brand":[],"product_cat":[35],"product_tag":[75],"class_list":{"0":"post-1547","1":"product","2":"type-product","3":"status-publish","4":"has-post-thumbnail","6":"product_cat-35","7":"product_tag-75","8":"desktop-align-left","9":"tablet-align-left","10":"mobile-align-left","11":"ast-product-gallery-layout-first-image-large","12":"ast-product-tabs-layout-accordion","13":"ast-qv-on-image","15":"first","16":"instock","17":"taxable","18":"shipping-taxable","19":"purchasable","20":"product-type-simple"},"jetpack_sharing_enabled":true,"_links":{"self":[{"href":"https:\/\/hamyflore.com\/vi\/wp-json\/wp\/v2\/product\/1547","targetHints":{"allow":["GET"]}}],"collection":[{"href":"https:\/\/hamyflore.com\/vi\/wp-json\/wp\/v2\/product"}],"about":[{"href":"https:\/\/hamyflore.com\/vi\/wp-json\/wp\/v2\/types\/product"}],"replies":[{"embeddable":true,"href":"https:\/\/hamyflore.com\/vi\/wp-json\/wp\/v2\/comments?post=1547"}],"version-history":[{"count":1,"href":"https:\/\/hamyflore.com\/vi\/wp-json\/wp\/v2\/product\/1547\/revisions"}],"predecessor-version":[{"id":1549,"href":"https:\/\/hamyflore.com\/vi\/wp-json\/wp\/v2\/product\/1547\/revisions\/1549"}],"wp:featuredmedia":[{"embeddable":true,"href":"https:\/\/hamyflore.com\/vi\/wp-json\/wp\/v2\/media\/1548"}],"wp:attachment":[{"href":"https:\/\/hamyflore.com\/vi\/wp-json\/wp\/v2\/media?parent=1547"}],"wp:term":[{"taxonomy":"product_brand","embeddable":true,"href":"https:\/\/hamyflore.com\/vi\/wp-json\/wp\/v2\/product_brand?post=1547"},{"taxonomy":"product_cat","embeddable":true,"href":"https:\/\/hamyflore.com\/vi\/wp-json\/wp\/v2\/product_cat?post=1547"},{"taxonomy":"product_tag","embeddable":true,"href":"https:\/\/hamyflore.com\/vi\/wp-json\/wp\/v2\/product_tag?post=1547"}],"curies":[{"name":"wp","href":"https:\/\/api.w.org\/{rel}","templated":true}]}}