{"id":1542,"date":"2025-04-12T07:15:40","date_gmt":"2025-04-12T07:15:40","guid":{"rendered":"https:\/\/hamyflore.com\/?post_type=product&#038;p=1542"},"modified":"2025-10-30T15:35:58","modified_gmt":"2025-10-30T15:35:58","slug":"%ec%98%a4%eb%a0%8c%ec%a7%80-%ec%84%a0%ec%83%a4%ec%9d%b8-%eb%b0%95%ec%8a%a4","status":"publish","type":"product","link":"https:\/\/hamyflore.com\/vi\/san-pham\/%ec%98%a4%eb%a0%8c%ec%a7%80-%ec%84%a0%ec%83%a4%ec%9d%b8-%eb%b0%95%ec%8a%a4\/","title":{"rendered":"H\u1ed9p \u00c1nh N\u1eafng M\u00e0u Cam"},"content":{"rendered":"<h3><img data-opt-id=197912430  fetchpriority=\"high\" decoding=\"async\" class=\"alignnone size-medium wp-image-1543\" src=\"https:\/\/mlmylfytwgtu.i.optimole.com\/w:225\/h:300\/q:mauto\/ig:avif\/https:\/\/hamyflore.com\/wp-content\/uploads\/2025\/04\/photo_2025-04-11_22-15-55.jpg\" alt=\"\uc624\ub80c\uc9c0 \uc120\uc0e4\uc778 \ubc15\uc2a4\" width=\"225\" height=\"300\" srcset=\"https:\/\/mlmylfytwgtu.i.optimole.com\/w:225\/h:300\/q:mauto\/ig:avif\/https:\/\/hamyflore.com\/wp-content\/uploads\/2025\/04\/photo_2025-04-11_22-15-55.jpg 225w, https:\/\/mlmylfytwgtu.i.optimole.com\/w:768\/h:1024\/q:mauto\/ig:avif\/https:\/\/hamyflore.com\/wp-content\/uploads\/2025\/04\/photo_2025-04-11_22-15-55.jpg 768w, https:\/\/mlmylfytwgtu.i.optimole.com\/w:9\/h:12\/q:mauto\/ig:avif\/https:\/\/hamyflore.com\/wp-content\/uploads\/2025\/04\/photo_2025-04-11_22-15-55.jpg 9w, https:\/\/mlmylfytwgtu.i.optimole.com\/w:600\/h:800\/q:mauto\/ig:avif\/https:\/\/hamyflore.com\/wp-content\/uploads\/2025\/04\/photo_2025-04-11_22-15-55.jpg 600w, https:\/\/mlmylfytwgtu.i.optimole.com\/w:810\/h:1080\/q:mauto\/ig:avif\/https:\/\/hamyflore.com\/wp-content\/uploads\/2025\/04\/photo_2025-04-11_22-15-55.jpg 960w\" sizes=\"(max-width: 225px) 100vw, 225px\" \/><\/h3>\n<h3><\/h3>\n<h3>\ud83c\udf81 T\u00ean s\u1ea3n ph\u1ea9m: <strong>H\u1ed9p \u00c1nh N\u1eafng M\u00e0u Cam<\/strong><\/h3>\n<h4>\ud83c\udf3c C\u00e1c t\u00ednh n\u0103ng ch\u00ednh:<\/h4>\n<ul>\n<li><strong>V\u1eadt li\u1ec7u hoa ch\u00ednh<\/strong>:\n<ul>\n<li>Frill Orange Rose (Kh\u1ed1i l\u01b0\u1ee3ng l\u1edbn v\u00e0 kh\u00f4ng kh\u00ed s\u1ed1ng \u0111\u1ed9ng)<\/li>\n<li>Hoa c\u00fac Gerbera &amp; Matricaria tr\u1eafng (t\u1ea1o n\u00ean b\u1ea7u kh\u00f4ng kh\u00ed t\u01b0\u01a1i s\u00e1ng v\u00e0 trong tr\u1ebbo)<\/li>\n<li>S\u1ef1 h\u00f2a h\u1ee3p sang tr\u1ecdng c\u1ee7a nh\u1eefng b\u00f4ng h\u1ed3ng nh\u1ecf m\u00e0u \u0111\u00e0o d\u1ecbu nh\u1eb9 v\u00e0 ch\u1ea5t li\u1ec7u xanh l\u00e1 c\u00e2y m\u1ec1m m\u1ea1i<\/li>\n<\/ul>\n<\/li>\n<li><strong>\u0110i\u1ec3m thi\u1ebft k\u1ebf<\/strong>:\n<ul>\n<li>H\u1ed9p hoa \u0111\u01b0\u1ee3c \u0111\u00f3ng g\u00f3i g\u1ecdn g\u00e0ng trong h\u1ed9p acrylic vu\u00f4ng trong su\u1ed1t<\/li>\n<li>Thi\u1ebft k\u1ebf qu\u00e0 t\u1eb7ng ho\u00e0n thi\u1ec7n v\u1edbi ruy b\u0103ng \u0111i\u1ec3m<\/li>\n<li>S\u00e0n nh\u00e0 \u0111\u01b0\u1ee3c ho\u00e0n thi\u1ec7n b\u1eb1ng r\u00eau t\u1ef1 nhi\u00ean \u0111\u1ec3 t\u1ea1o n\u00ean v\u1ebb \u0111\u1eb9p t\u1ef1 nhi\u00ean v\u00e0 \u1ed5n \u0111\u1ecbnh.<\/li>\n<\/ul>\n<\/li>\n<li><strong>C\u1ea5u h\u00ecnh c\u1ef1c k\u1ef3 linh ho\u1ea1t<\/strong>:\n<ul>\n<li>Hoa kh\u00f4ng b\u1ecb ph\u00e2n t\u00e1n n\u00ean \u1ed5n \u0111\u1ecbnh trong qu\u00e1 tr\u00ecnh giao h\u00e0ng.<\/li>\n<li>Thi\u1ebft k\u1ebf c\u1ed1 \u0111\u1ecbnh \u0111\u1ec3 xem ngay m\u00e0 kh\u00f4ng c\u1ea7n m\u1edf<\/li>\n<\/ul>\n<\/li>\n<li><strong>k\u00edch c\u1ee1<\/strong>: R\u1ed9ng kho\u1ea3ng 25cm x d\u00e0i 25cm x cao 12cm<\/li>\n<li><strong>S\u1eed d\u1ee5ng \u0111\u01b0\u1ee3c \u0111\u1ec1 xu\u1ea5t<\/strong>: Sinh nh\u1eadt, Khai tr\u01b0\u01a1ng, Khuy\u1ebfn m\u1ea1i, Th\u0103m h\u1ecfi, Qu\u00e0 t\u1eb7ng kh\u00e1ch h\u00e0ng<\/li>\n<\/ul>\n<p>\ud83c\udf3f <strong data-start=\"315\" data-end=\"337\"><a href=\"https:\/\/hamyflore.com\/vi\/\" target=\"_blank\" rel=\"noopener\">Giao hoa t\u1eadn n\u01a1i t\u1ea1i H\u1ed3 Ch\u00ed Minh<\/a>B\u1ea1c HamyFlore<\/strong><br data-start=\"337\" data-end=\"340\" \/>Nh\u1eefng b\u00f4ng hoa tr\u00e0n \u0111\u1ea7y c\u1ea3m x\u00fac, m\u1ed9t m\u00f3n qu\u00e0 cho m\u1ed9t ng\u00e0y \u0111\u1eb7c bi\u1ec7t.<br data-start=\"363\" data-end=\"366\" \/>\u0110\u1eb7t h\u00e0ng ngay t\u1eeb HamyFlore.<\/p>","protected":false},"excerpt":{"rendered":"<p><img data-opt-id=197912430  fetchpriority=\"high\" decoding=\"async\" class=\"alignnone size-medium wp-image-1543\" src=\"https:\/\/mlmylfytwgtu.i.optimole.com\/w:225\/h:300\/q:mauto\/ig:avif\/https:\/\/hamyflore.com\/wp-content\/uploads\/2025\/04\/photo_2025-04-11_22-15-55.jpg\" alt=\"\uc624\ub80c\uc9c0 \uc120\uc0e4\uc778 \ubc15\uc2a4\" width=\"225\" height=\"300\" srcset=\"https:\/\/mlmylfytwgtu.i.optimole.com\/w:225\/h:300\/q:mauto\/ig:avif\/https:\/\/hamyflore.com\/wp-content\/uploads\/2025\/04\/photo_2025-04-11_22-15-55.jpg 225w, https:\/\/mlmylfytwgtu.i.optimole.com\/w:768\/h:1024\/q:mauto\/ig:avif\/https:\/\/hamyflore.com\/wp-content\/uploads\/2025\/04\/photo_2025-04-11_22-15-55.jpg 768w, https:\/\/mlmylfytwgtu.i.optimole.com\/w:9\/h:12\/q:mauto\/ig:avif\/https:\/\/hamyflore.com\/wp-content\/uploads\/2025\/04\/photo_2025-04-11_22-15-55.jpg 9w, https:\/\/mlmylfytwgtu.i.optimole.com\/w:600\/h:800\/q:mauto\/ig:avif\/https:\/\/hamyflore.com\/wp-content\/uploads\/2025\/04\/photo_2025-04-11_22-15-55.jpg 600w, https:\/\/mlmylfytwgtu.i.optimole.com\/w:810\/h:1080\/q:mauto\/ig:avif\/https:\/\/hamyflore.com\/wp-content\/uploads\/2025\/04\/photo_2025-04-11_22-15-55.jpg 960w\" sizes=\"(max-width: 225px) 100vw, 225px\" \/><\/p>\n<p>&nbsp;<\/p>\n<p>\ud83c\udf3f <strong data-start=\"315\" data-end=\"337\"><a href=\"https:\/\/hamyflore.com\/vi\/\" target=\"_blank\" rel=\"noopener\">Giao hoa t\u1eadn n\u01a1i t\u1ea1i H\u1ed3 Ch\u00ed Minh<\/a>B\u1ea1c HamyFlore<\/strong><br data-start=\"337\" data-end=\"340\" \/>Nh\u1eefng b\u00f4ng hoa tr\u00e0n \u0111\u1ea7y c\u1ea3m x\u00fac, m\u1ed9t m\u00f3n qu\u00e0 cho m\u1ed9t ng\u00e0y \u0111\u1eb7c bi\u1ec7t.<br data-start=\"363\" data-end=\"366\" \/>\u0110\u1eb7t h\u00e0ng ngay t\u1eeb HamyFlore.<\/p>","protected":false},"featured_media":1543,"comment_status":"open","ping_status":"closed","template":"","meta":{"site-sidebar-layout":"default","site-content-layout":"","ast-site-content-layout":"default","site-content-style":"default","site-sidebar-style":"default","ast-global-header-display":"","ast-banner-title-visibility":"","ast-main-header-display":"","ast-hfb-above-header-display":"","ast-hfb-below-header-display":"","ast-hfb-mobile-header-display":"","site-post-title":"","ast-breadcrumbs-content":"","ast-featured-img":"","footer-sml-layout":"","theme-transparent-header-meta":"default","adv-header-id-meta":"","stick-header-meta":"default","header-above-stick-meta":"","header-main-stick-meta":"","header-below-stick-meta":"","astra-migrate-meta-layouts":"set","ast-page-background-enabled":"default","ast-page-background-meta":{"desktop":{"background-color":"var(--ast-global-color-4)","background-image":"","background-repeat":"repeat","background-position":"center center","background-size":"auto","background-attachment":"scroll","background-type":"","background-media":"","overlay-type":"","overlay-color":"","overlay-opacity":"","overlay-gradient":""},"tablet":{"background-color":"","background-image":"","background-repeat":"repeat","background-position":"center center","background-size":"auto","background-attachment":"scroll","background-type":"","background-media":"","overlay-type":"","overlay-color":"","overlay-opacity":"","overlay-gradient":""},"mobile":{"background-color":"","background-image":"","background-repeat":"repeat","background-position":"center center","background-size":"auto","background-attachment":"scroll","background-type":"","background-media":"","overlay-type":"","overlay-color":"","overlay-opacity":"","overlay-gradient":""}},"ast-content-background-meta":{"desktop":{"background-color":"var(--ast-global-color-5)","background-image":"","background-repeat":"repeat","background-position":"center center","background-size":"auto","background-attachment":"scroll","background-type":"","background-media":"","overlay-type":"","overlay-color":"","overlay-opacity":"","overlay-gradient":""},"tablet":{"background-color":"var(--ast-global-color-5)","background-image":"","background-repeat":"repeat","background-position":"center center","background-size":"auto","background-attachment":"scroll","background-type":"","background-media":"","overlay-type":"","overlay-color":"","overlay-opacity":"","overlay-gradient":""},"mobile":{"background-color":"var(--ast-global-color-5)","background-image":"","background-repeat":"repeat","background-position":"center center","background-size":"auto","background-attachment":"scroll","background-type":"","background-media":"","overlay-type":"","overlay-color":"","overlay-opacity":"","overlay-gradient":""}}},"product_brand":[],"product_cat":[48],"product_tag":[74],"class_list":{"0":"post-1542","1":"product","2":"type-product","3":"status-publish","4":"has-post-thumbnail","6":"product_cat-48","7":"product_tag-74","8":"desktop-align-left","9":"tablet-align-left","10":"mobile-align-left","11":"ast-product-gallery-layout-first-image-large","12":"ast-product-tabs-layout-accordion","13":"ast-qv-on-image","15":"first","16":"instock","17":"sale","18":"taxable","19":"shipping-taxable","20":"purchasable","21":"product-type-simple"},"jetpack_sharing_enabled":true,"_links":{"self":[{"href":"https:\/\/hamyflore.com\/vi\/wp-json\/wp\/v2\/product\/1542","targetHints":{"allow":["GET"]}}],"collection":[{"href":"https:\/\/hamyflore.com\/vi\/wp-json\/wp\/v2\/product"}],"about":[{"href":"https:\/\/hamyflore.com\/vi\/wp-json\/wp\/v2\/types\/product"}],"replies":[{"embeddable":true,"href":"https:\/\/hamyflore.com\/vi\/wp-json\/wp\/v2\/comments?post=1542"}],"version-history":[{"count":3,"href":"https:\/\/hamyflore.com\/vi\/wp-json\/wp\/v2\/product\/1542\/revisions"}],"predecessor-version":[{"id":1546,"href":"https:\/\/hamyflore.com\/vi\/wp-json\/wp\/v2\/product\/1542\/revisions\/1546"}],"wp:featuredmedia":[{"embeddable":true,"href":"https:\/\/hamyflore.com\/vi\/wp-json\/wp\/v2\/media\/1543"}],"wp:attachment":[{"href":"https:\/\/hamyflore.com\/vi\/wp-json\/wp\/v2\/media?parent=1542"}],"wp:term":[{"taxonomy":"product_brand","embeddable":true,"href":"https:\/\/hamyflore.com\/vi\/wp-json\/wp\/v2\/product_brand?post=1542"},{"taxonomy":"product_cat","embeddable":true,"href":"https:\/\/hamyflore.com\/vi\/wp-json\/wp\/v2\/product_cat?post=1542"},{"taxonomy":"product_tag","embeddable":true,"href":"https:\/\/hamyflore.com\/vi\/wp-json\/wp\/v2\/product_tag?post=1542"}],"curies":[{"name":"wp","href":"https:\/\/api.w.org\/{rel}","templated":true}]}}