{"id":1534,"date":"2025-04-11T13:24:07","date_gmt":"2025-04-11T13:24:07","guid":{"rendered":"https:\/\/hamyflore.com\/?post_type=product&#038;p=1534"},"modified":"2025-04-11T13:25:33","modified_gmt":"2025-04-11T13:25:33","slug":"%f0%9f%8c%bf-%ec%83%81%ed%92%88%eb%aa%85-%ec%88%b2%ec%86%8d%ec%9d%98-%eb%a0%88%eb%93%9c%ed%95%98%eb%aa%a8%eb%8b%88","status":"publish","type":"product","link":"https:\/\/hamyflore.com\/vi\/san-pham\/%f0%9f%8c%bf-%ec%83%81%ed%92%88%eb%aa%85-%ec%88%b2%ec%86%8d%ec%9d%98-%eb%a0%88%eb%93%9c%ed%95%98%eb%aa%a8%eb%8b%88\/","title":{"rendered":"\ud83c\udf3f T\u00ean s\u1ea3n ph\u1ea9m: Red Harmony in the Forest"},"content":{"rendered":"<h4 data-start=\"139\" data-end=\"153\"><img data-opt-id=1108780553  fetchpriority=\"high\" decoding=\"async\" class=\"alignnone wp-image-1535 size-full\" src=\"https:\/\/mlmylfytwgtu.i.optimole.com\/w:auto\/h:auto\/q:mauto\/ig:avif\/https:\/\/hamyflore.com\/wp-content\/uploads\/2025\/04\/호치민-꽃배달.jpg\" alt=\"\ud638\uce58\ubbfc \uaf43\ubc30\ub2ec\" width=\"960\" height=\"1280\" srcset=\"https:\/\/mlmylfytwgtu.i.optimole.com\/w:810\/h:1080\/q:mauto\/ig:avif\/https:\/\/hamyflore.com\/wp-content\/uploads\/2025\/04\/\ud638\uce58\ubbfc-\uaf43\ubc30\ub2ec.jpg 960w, https:\/\/mlmylfytwgtu.i.optimole.com\/w:225\/h:300\/q:mauto\/ig:avif\/https:\/\/hamyflore.com\/wp-content\/uploads\/2025\/04\/\ud638\uce58\ubbfc-\uaf43\ubc30\ub2ec.jpg 225w, https:\/\/mlmylfytwgtu.i.optimole.com\/w:768\/h:1024\/q:mauto\/ig:avif\/https:\/\/hamyflore.com\/wp-content\/uploads\/2025\/04\/\ud638\uce58\ubbfc-\uaf43\ubc30\ub2ec.jpg 768w, https:\/\/mlmylfytwgtu.i.optimole.com\/w:9\/h:12\/q:mauto\/ig:avif\/https:\/\/hamyflore.com\/wp-content\/uploads\/2025\/04\/\ud638\uce58\ubbfc-\uaf43\ubc30\ub2ec.jpg 9w, https:\/\/mlmylfytwgtu.i.optimole.com\/w:600\/h:800\/q:mauto\/ig:avif\/https:\/\/hamyflore.com\/wp-content\/uploads\/2025\/04\/\ud638\uce58\ubbfc-\uaf43\ubc30\ub2ec.jpg 600w\" sizes=\"(max-width: 960px) 100vw, 960px\" \/><\/h4>\n<h4 data-start=\"139\" data-end=\"153\"><\/h4>\n<p>&nbsp;<\/p>\n<h2>\ud83c\udf3f T\u00ean s\u1ea3n ph\u1ea9m: Red Harmony in the Forest<\/h2>\n<p>&nbsp;<\/p>\n<h4 class=\"\" data-start=\"139\" data-end=\"153\">\ud83d\udc90 C\u00e1c t\u00ednh n\u0103ng ch\u00ednh:<\/h4>\n<ul data-start=\"154\" data-end=\"591\">\n<li class=\"\" data-start=\"154\" data-end=\"290\">\n<p class=\"\" data-start=\"156\" data-end=\"170\"><strong data-start=\"156\" data-end=\"167\">V\u1eadt li\u1ec7u hoa ch\u00ednh<\/strong>:<\/p>\n<ul data-start=\"173\" data-end=\"290\">\n<li class=\"\" data-start=\"173\" data-end=\"195\">\n<p class=\"\" data-start=\"175\" data-end=\"195\">Hoa c\u00fac Gerbera \u0111\u1ecf th\u1eabm (Ni\u1ec1m \u0111am m\u00ea, S\u1ee9c s\u1ed1ng)<\/p>\n<\/li>\n<li class=\"\" data-start=\"198\" data-end=\"225\">\n<p class=\"\" data-start=\"200\" data-end=\"225\">Hoa Anthurium tr\u1eafng (s\u1ef1 tinh khi\u1ebft, s\u1ef1 hi\u1ec7n di\u1ec7n \u0111\u1ed9c \u0111\u00e1o)<\/p>\n<\/li>\n<li class=\"\" data-start=\"228\" data-end=\"255\">\n<p class=\"\" data-start=\"230\" data-end=\"255\">Black Scabiosa (C\u01b0\u1eddng \u0111\u1ed9 tinh t\u1ebf, y\u00ean t\u0129nh)<\/p>\n<\/li>\n<li class=\"\" data-start=\"258\" data-end=\"290\">\n<p class=\"\" data-start=\"260\" data-end=\"290\">Th\u00eam s\u1ee9c s\u1ed1ng v\u1edbi hoa c\u00fac v\u1ea1n th\u1ecd (matricaria) v\u00e0 qu\u1ea3 m\u1ecdng Hypericum<\/p>\n<\/li>\n<\/ul>\n<\/li>\n<li class=\"\" data-start=\"292\" data-end=\"385\">\n<p class=\"\" data-start=\"294\" data-end=\"306\"><strong data-start=\"294\" data-end=\"303\">V\u1eadt li\u1ec7u xanh<\/strong>:<\/p>\n<ul data-start=\"309\" data-end=\"385\">\n<li class=\"\" data-start=\"309\" data-end=\"352\">\n<p class=\"\" data-start=\"311\" data-end=\"352\">T\u1ea1o c\u1ea3m gi\u00e1c nh\u01b0 \u0111ang \u1edf trong r\u1eebng v\u1edbi c\u00e2y th\u00f4ng, c\u00e2y b\u1ea1ch \u0111\u00e0n v\u00e0 l\u00e1 m\u00e0u ch\u1ea5t l\u01b0\u1ee3ng cao<\/p>\n<\/li>\n<li class=\"\" data-start=\"355\" data-end=\"385\">\n<p class=\"\" data-start=\"357\" data-end=\"385\">Phong c\u00e1ch hoang d\u00e3 t\u1ef1 nhi\u00ean \u0111\u01b0\u1ee3c nh\u1ea5n m\u1ea1nh b\u1eb1ng c\u00e0nh c\u00e2y v\u00e0 l\u00e1<\/p>\n<\/li>\n<\/ul>\n<\/li>\n<li class=\"\" data-start=\"387\" data-end=\"507\">\n<p class=\"\" data-start=\"389\" data-end=\"399\"><strong data-start=\"389\" data-end=\"396\">\u0111i\u1ec3m<\/strong>:<\/p>\n<ul data-start=\"402\" data-end=\"507\">\n<li class=\"\" data-start=\"402\" data-end=\"448\">\n<p class=\"\" data-start=\"404\" data-end=\"448\">Ho\u00e0n h\u1ea3o cho \u0111\u1ed3 trang tr\u00ed b\u00e0n ti\u1ec7c Gi\u00e1ng sinh ho\u1eb7c d\u1ecbp \u0111\u1eb7c bi\u1ec7t, qu\u00e0 t\u1eb7ng khai tr\u01b0\u01a1ng ho\u1eb7c \u0111\u1ed3 trang tr\u00ed s\u1ea3nh \u0111\u1ee3i<\/p>\n<\/li>\n<li class=\"\" data-start=\"451\" data-end=\"482\">\n<p class=\"\" data-start=\"453\" data-end=\"482\">Th\u00eam s\u1ef1 s\u1ed1ng \u0111\u1ed9ng cho kh\u00f4ng gian b\u1eb1ng c\u00e1ch k\u00e9o d\u00e0i theo chi\u1ec1u d\u1ecdc<\/p>\n<\/li>\n<li class=\"\" data-start=\"485\" data-end=\"507\">\n<p class=\"\" data-start=\"487\" data-end=\"507\">Th\u1ec3 hi\u1ec7n s\u1ef1 sang tr\u1ecdng b\u1eb1ng c\u00e1ch s\u1eed d\u1ee5ng ch\u1eadu hoa g\u1ed1m s\u1ee9<\/p>\n<\/li>\n<\/ul>\n<\/li>\n<li class=\"\" data-start=\"509\" data-end=\"544\">\n<p class=\"\" data-start=\"511\" data-end=\"544\"><strong data-start=\"511\" data-end=\"518\">k\u00edch c\u1ee1<\/strong>: R\u1ed9ng kho\u1ea3ng 40cm x d\u00e0i 55~60cm<\/p>\n<\/li>\n<li class=\"\" data-start=\"545\" data-end=\"591\">\n<p class=\"\" data-start=\"547\" data-end=\"591\"><strong data-start=\"547\" data-end=\"556\">\u0110\u1ecba \u0111i\u1ec3m \u0111\u01b0\u1ee3c \u0111\u1ec1 xu\u1ea5t<\/strong>: S\u1ea3nh kh\u00e1ch s\u1ea1n, l\u1ed1i v\u00e0o v\u0103n ph\u00f2ng, nh\u00e0 h\u00e0ng\/qu\u00e1n c\u00e0 ph\u00ea, ph\u00f2ng tr\u01b0ng b\u00e0y, b\u00e0n ph\u00f2ng kh\u00e1ch<\/p>\n<p>\u2728 <strong data-start=\"101\" data-end=\"131\">HamyFlore \u2013 Th\u01b0\u01a1ng hi\u1ec7u chuy\u00ean giao hoa t\u1eadn n\u01a1i t\u1ea1i H\u1ed3 Ch\u00ed Minh<\/strong><br data-start=\"131\" data-end=\"134\" \/>Thi\u1ebft k\u1ebf hoa g\u1ee3i c\u1ea3m v\u00e0 l\u00e0 m\u00f3n qu\u00e0 hoa \u0111\u1ea7y ch\u00e2n th\u00e0nh.<br data-start=\"160\" data-end=\"163\" \/>Ch\u00fang t\u00f4i truy\u1ec1n t\u1ea3i c\u1ea3m x\u00fac c\u1ee7a b\u1ea1n theo c\u00e1ch \u0111\u1eb9p nh\u1ea5t.<br data-start=\"191\" data-end=\"194\" \/>H\u00e3y ho\u00e0n thi\u1ec7n kho\u1ea3nh kh\u1eafc \u0111\u1eb7c bi\u1ec7t c\u1ee7a b\u1ea1n b\u1eb1ng hoa t\u1ea1i HamyFlore ngay b\u00e2y gi\u1edd. \ud83c\udf39<\/li>\n<\/ul>","protected":false},"excerpt":{"rendered":"<p><img data-opt-id=2095593690  fetchpriority=\"high\" decoding=\"async\" class=\"alignnone size-medium wp-image-1535\" src=\"https:\/\/mlmylfytwgtu.i.optimole.com\/w:225\/h:300\/q:mauto\/ig:avif\/https:\/\/hamyflore.com\/wp-content\/uploads\/2025\/04\/호치민-꽃배달.jpg\" alt=\"\ud638\uce58\ubbfc \uaf43\ubc30\ub2ec\" width=\"225\" height=\"300\" srcset=\"https:\/\/mlmylfytwgtu.i.optimole.com\/w:225\/h:300\/q:mauto\/ig:avif\/https:\/\/hamyflore.com\/wp-content\/uploads\/2025\/04\/\ud638\uce58\ubbfc-\uaf43\ubc30\ub2ec.jpg 225w, https:\/\/mlmylfytwgtu.i.optimole.com\/w:768\/h:1024\/q:mauto\/ig:avif\/https:\/\/hamyflore.com\/wp-content\/uploads\/2025\/04\/\ud638\uce58\ubbfc-\uaf43\ubc30\ub2ec.jpg 768w, https:\/\/mlmylfytwgtu.i.optimole.com\/w:9\/h:12\/q:mauto\/ig:avif\/https:\/\/hamyflore.com\/wp-content\/uploads\/2025\/04\/\ud638\uce58\ubbfc-\uaf43\ubc30\ub2ec.jpg 9w, https:\/\/mlmylfytwgtu.i.optimole.com\/w:600\/h:800\/q:mauto\/ig:avif\/https:\/\/hamyflore.com\/wp-content\/uploads\/2025\/04\/\ud638\uce58\ubbfc-\uaf43\ubc30\ub2ec.jpg 600w, https:\/\/mlmylfytwgtu.i.optimole.com\/w:810\/h:1080\/q:mauto\/ig:avif\/https:\/\/hamyflore.com\/wp-content\/uploads\/2025\/04\/\ud638\uce58\ubbfc-\uaf43\ubc30\ub2ec.jpg 960w\" sizes=\"(max-width: 225px) 100vw, 225px\" \/><\/p>","protected":false},"featured_media":1535,"comment_status":"open","ping_status":"closed","template":"","meta":{"site-sidebar-layout":"default","site-content-layout":"","ast-site-content-layout":"default","site-content-style":"default","site-sidebar-style":"default","ast-global-header-display":"","ast-banner-title-visibility":"","ast-main-header-display":"","ast-hfb-above-header-display":"","ast-hfb-below-header-display":"","ast-hfb-mobile-header-display":"","site-post-title":"","ast-breadcrumbs-content":"","ast-featured-img":"","footer-sml-layout":"","theme-transparent-header-meta":"default","adv-header-id-meta":"","stick-header-meta":"default","header-above-stick-meta":"","header-main-stick-meta":"","header-below-stick-meta":"","astra-migrate-meta-layouts":"set","ast-page-background-enabled":"default","ast-page-background-meta":{"desktop":{"background-color":"var(--ast-global-color-4)","background-image":"","background-repeat":"repeat","background-position":"center center","background-size":"auto","background-attachment":"scroll","background-type":"","background-media":"","overlay-type":"","overlay-color":"","overlay-opacity":"","overlay-gradient":""},"tablet":{"background-color":"","background-image":"","background-repeat":"repeat","background-position":"center center","background-size":"auto","background-attachment":"scroll","background-type":"","background-media":"","overlay-type":"","overlay-color":"","overlay-opacity":"","overlay-gradient":""},"mobile":{"background-color":"","background-image":"","background-repeat":"repeat","background-position":"center center","background-size":"auto","background-attachment":"scroll","background-type":"","background-media":"","overlay-type":"","overlay-color":"","overlay-opacity":"","overlay-gradient":""}},"ast-content-background-meta":{"desktop":{"background-color":"var(--ast-global-color-5)","background-image":"","background-repeat":"repeat","background-position":"center center","background-size":"auto","background-attachment":"scroll","background-type":"","background-media":"","overlay-type":"","overlay-color":"","overlay-opacity":"","overlay-gradient":""},"tablet":{"background-color":"var(--ast-global-color-5)","background-image":"","background-repeat":"repeat","background-position":"center center","background-size":"auto","background-attachment":"scroll","background-type":"","background-media":"","overlay-type":"","overlay-color":"","overlay-opacity":"","overlay-gradient":""},"mobile":{"background-color":"var(--ast-global-color-5)","background-image":"","background-repeat":"repeat","background-position":"center center","background-size":"auto","background-attachment":"scroll","background-type":"","background-media":"","overlay-type":"","overlay-color":"","overlay-opacity":"","overlay-gradient":""}}},"product_brand":[],"product_cat":[48],"product_tag":[73,72],"class_list":{"0":"post-1534","1":"product","2":"type-product","3":"status-publish","4":"has-post-thumbnail","6":"product_cat-48","7":"product_tag-73","8":"product_tag-72","9":"desktop-align-left","10":"tablet-align-left","11":"mobile-align-left","12":"ast-product-gallery-layout-first-image-large","13":"ast-product-tabs-layout-accordion","14":"ast-qv-on-image","16":"first","17":"instock","18":"sale","19":"taxable","20":"shipping-taxable","21":"purchasable","22":"product-type-simple"},"jetpack_sharing_enabled":true,"_links":{"self":[{"href":"https:\/\/hamyflore.com\/vi\/wp-json\/wp\/v2\/product\/1534","targetHints":{"allow":["GET"]}}],"collection":[{"href":"https:\/\/hamyflore.com\/vi\/wp-json\/wp\/v2\/product"}],"about":[{"href":"https:\/\/hamyflore.com\/vi\/wp-json\/wp\/v2\/types\/product"}],"replies":[{"embeddable":true,"href":"https:\/\/hamyflore.com\/vi\/wp-json\/wp\/v2\/comments?post=1534"}],"version-history":[{"count":2,"href":"https:\/\/hamyflore.com\/vi\/wp-json\/wp\/v2\/product\/1534\/revisions"}],"predecessor-version":[{"id":1537,"href":"https:\/\/hamyflore.com\/vi\/wp-json\/wp\/v2\/product\/1534\/revisions\/1537"}],"wp:featuredmedia":[{"embeddable":true,"href":"https:\/\/hamyflore.com\/vi\/wp-json\/wp\/v2\/media\/1535"}],"wp:attachment":[{"href":"https:\/\/hamyflore.com\/vi\/wp-json\/wp\/v2\/media?parent=1534"}],"wp:term":[{"taxonomy":"product_brand","embeddable":true,"href":"https:\/\/hamyflore.com\/vi\/wp-json\/wp\/v2\/product_brand?post=1534"},{"taxonomy":"product_cat","embeddable":true,"href":"https:\/\/hamyflore.com\/vi\/wp-json\/wp\/v2\/product_cat?post=1534"},{"taxonomy":"product_tag","embeddable":true,"href":"https:\/\/hamyflore.com\/vi\/wp-json\/wp\/v2\/product_tag?post=1534"}],"curies":[{"name":"wp","href":"https:\/\/api.w.org\/{rel}","templated":true}]}}