{"id":1327,"date":"2025-04-05T10:28:26","date_gmt":"2025-04-05T10:28:26","guid":{"rendered":"https:\/\/hamyflore.com\/?post_type=product&#038;p=1327"},"modified":"2025-10-24T12:36:16","modified_gmt":"2025-10-24T12:36:16","slug":"%ed%96%a5%ea%b8%b0%eb%a1%9c%ec%9a%b4-%eb%a9%9c%eb%a1%9c%eb%94%94","status":"publish","type":"product","link":"https:\/\/hamyflore.com\/vi\/san-pham\/%ed%96%a5%ea%b8%b0%eb%a1%9c%ec%9a%b4-%eb%a9%9c%eb%a1%9c%eb%94%94\/","title":{"rendered":"Giai \u0111i\u1ec7u th\u01a1m ng\u00e1t"},"content":{"rendered":"<p><img data-opt-id=1239477106  fetchpriority=\"high\" decoding=\"async\" class=\"alignnone size-medium wp-image-1328\" src=\"https:\/\/mlmylfytwgtu.i.optimole.com\/w:300\/h:300\/q:mauto\/rt:fill\/g:ce\/ig:avif\/https:\/\/hamyflore.com\/wp-content\/uploads\/2025\/04\/ChatGPT-Image-2025년-4월-5일-오후-07_21_13.png\" alt=\"\ud5a5\uae30\ub85c\uc6b4 \uba5c\ub85c\ub514\" width=\"300\" height=\"300\" srcset=\"https:\/\/mlmylfytwgtu.i.optimole.com\/w:300\/h:300\/q:mauto\/rt:fill\/g:ce\/ig:avif\/https:\/\/hamyflore.com\/wp-content\/uploads\/2025\/04\/ChatGPT-Image-2025\ub144-4\uc6d4-5\uc77c-\uc624\ud6c4-07_21_13.png 300w, https:\/\/mlmylfytwgtu.i.optimole.com\/w:150\/h:150\/q:mauto\/rt:fill\/g:ce\/ig:avif\/https:\/\/hamyflore.com\/wp-content\/uploads\/2025\/04\/ChatGPT-Image-2025\ub144-4\uc6d4-5\uc77c-\uc624\ud6c4-07_21_13.png 150w, https:\/\/mlmylfytwgtu.i.optimole.com\/w:768\/h:768\/q:mauto\/rt:fill\/g:ce\/ig:avif\/https:\/\/hamyflore.com\/wp-content\/uploads\/2025\/04\/ChatGPT-Image-2025\ub144-4\uc6d4-5\uc77c-\uc624\ud6c4-07_21_13.png 768w, https:\/\/mlmylfytwgtu.i.optimole.com\/w:600\/h:600\/q:mauto\/rt:fill\/g:ce\/ig:avif\/https:\/\/hamyflore.com\/wp-content\/uploads\/2025\/04\/ChatGPT-Image-2025\ub144-4\uc6d4-5\uc77c-\uc624\ud6c4-07_21_13.png 600w, https:\/\/mlmylfytwgtu.i.optimole.com\/w:100\/h:100\/q:mauto\/rt:fill\/g:ce\/ig:avif\/https:\/\/hamyflore.com\/wp-content\/uploads\/2025\/04\/ChatGPT-Image-2025\ub144-4\uc6d4-5\uc77c-\uc624\ud6c4-07_21_13.png 100w, https:\/\/mlmylfytwgtu.i.optimole.com\/w:1024\/h:1024\/q:mauto\/rt:fill\/g:ce\/ig:avif\/https:\/\/hamyflore.com\/wp-content\/uploads\/2025\/04\/ChatGPT-Image-2025\ub144-4\uc6d4-5\uc77c-\uc624\ud6c4-07_21_13.png 1024w\" sizes=\"(max-width: 300px) 100vw, 300px\" \/><\/p>\n<p>&nbsp;<\/p>\n<h3 class=\"\" data-start=\"518\" data-end=\"533\">Giai \u0111i\u1ec7u th\u01a1m ng\u00e1t<\/h3>\n<p class=\"\" data-start=\"534\" data-end=\"562\"><strong data-start=\"534\" data-end=\"541\">T\u00ean s\u1ea3n ph\u1ea9m<\/strong>: Giai \u0111i\u1ec7u th\u01a1m ng\u00e1t <strong data-start=\"552\" data-end=\"561\">C\u00e1c t\u00ednh n\u0103ng ch\u00ednh<\/strong>:<\/p>\n<ul data-start=\"563\" data-end=\"759\">\n<li class=\"\" data-start=\"563\" data-end=\"599\">\n<p class=\"\" data-start=\"565\" data-end=\"599\"><strong data-start=\"565\" data-end=\"571\">m\u00e0u s\u1eafc<\/strong>: S\u1ef1 pha tr\u1ed9n \u0111\u1ea7y m\u00e0u s\u1eafc c\u1ee7a m\u00e0u h\u1ed3ng, cam, kem v\u00e0 tr\u1eafng.<\/p>\n<\/li>\n<li class=\"\" data-start=\"600\" data-end=\"647\">\n<p class=\"\" data-start=\"602\" data-end=\"647\"><strong data-start=\"602\" data-end=\"610\">Lo\u1ea1i hoa<\/strong>: Hoa h\u1ed3ng, mao l\u01b0\u01a1ng, hoa c\u1ea9m ch\u01b0\u1edbng, hoa c\u00fac v\u00e0 hoa baby<\/p>\n<\/li>\n<li class=\"\" data-start=\"648\" data-end=\"676\">\n<p class=\"\" data-start=\"650\" data-end=\"676\"><strong data-start=\"650\" data-end=\"656\">\u0111\u00f3ng g\u00f3i<\/strong>: Gi\u1ea5y b\u00f3ng k\u00ednh v\u00e0 ruy b\u0103ng satin m\u00e0u h\u1ed3ng tinh x\u1ea3o<\/p>\n<\/li>\n<li class=\"\" data-start=\"677\" data-end=\"711\">\n<p class=\"\" data-start=\"679\" data-end=\"711\"><strong data-start=\"679\" data-end=\"686\">k\u00edch c\u1ee1<\/strong>: Kho\u1ea3ng 30cm x 40cm (r\u1ed9ng x cao)<\/p>\n<\/li>\n<li class=\"\" data-start=\"712\" data-end=\"759\">\n<p class=\"\" data-start=\"714\" data-end=\"759\"><strong data-start=\"714\" data-end=\"730\">Khuy\u1ebfn ngh\u1ecb v\u1ec1 k\u1ef7 ni\u1ec7m v\u00e0 s\u1ef1 ki\u1ec7n<\/strong>: M\u1ed9t m\u00f3n qu\u00e0 tri \u00e2n d\u00e0nh cho b\u1ea1n b\u00e8 ho\u1eb7c gia \u0111\u00ecnh, sinh nh\u1eadt ho\u1eb7c c\u00e1c s\u1ef1 ki\u1ec7n k\u1ef7 ni\u1ec7m<\/p>\n<\/li>\n<\/ul>\n<p>&nbsp;<\/p>\n<p>\ud83c\udf3f\u00a0<strong data-start=\"315\" data-end=\"337\"><a href=\"https:\/\/hamyflore.com\/vi\/\" target=\"_blank\" rel=\"noopener\">Giao hoa t\u1eadn n\u01a1i t\u1ea1i H\u1ed3 Ch\u00ed Minh<\/a>B\u1ea1c HamyFlore<\/strong><br data-start=\"337\" data-end=\"340\" \/>Nh\u1eefng b\u00f4ng hoa tr\u00e0n \u0111\u1ea7y c\u1ea3m x\u00fac, m\u1ed9t m\u00f3n qu\u00e0 cho m\u1ed9t ng\u00e0y \u0111\u1eb7c bi\u1ec7t.<br data-start=\"363\" data-end=\"366\" \/>\u0110\u1eb7t h\u00e0ng ngay t\u1eeb HamyFlore.<\/p>","protected":false},"excerpt":{"rendered":"<h3 class=\"\" data-start=\"518\" data-end=\"533\">Giai \u0111i\u1ec7u th\u01a1m ng\u00e1t<\/h3>\n<p class=\"\" data-start=\"534\" data-end=\"562\"><strong data-start=\"534\" data-end=\"541\">T\u00ean s\u1ea3n ph\u1ea9m<\/strong>: Giai \u0111i\u1ec7u th\u01a1m ng\u00e1t <strong data-start=\"552\" data-end=\"561\">C\u00e1c t\u00ednh n\u0103ng ch\u00ednh<\/strong>:<\/p>\n<ul data-start=\"563\" data-end=\"759\">\n<li class=\"\" data-start=\"563\" data-end=\"599\">\n<p class=\"\" data-start=\"565\" data-end=\"599\"><strong data-start=\"565\" data-end=\"571\">m\u00e0u s\u1eafc<\/strong>: S\u1ef1 pha tr\u1ed9n \u0111\u1ea7y m\u00e0u s\u1eafc c\u1ee7a m\u00e0u h\u1ed3ng, cam, kem v\u00e0 tr\u1eafng.<\/p>\n<\/li>\n<li class=\"\" data-start=\"600\" data-end=\"647\">\n<p class=\"\" data-start=\"602\" data-end=\"647\"><strong data-start=\"602\" data-end=\"610\">Lo\u1ea1i hoa<\/strong>: Hoa h\u1ed3ng, mao l\u01b0\u01a1ng, hoa c\u1ea9m ch\u01b0\u1edbng, hoa c\u00fac v\u00e0 hoa baby<\/p>\n<\/li>\n<li class=\"\" data-start=\"648\" data-end=\"676\">\n<p class=\"\" data-start=\"650\" data-end=\"676\"><strong data-start=\"650\" data-end=\"656\">\u0111\u00f3ng g\u00f3i<\/strong>: Gi\u1ea5y b\u00f3ng k\u00ednh v\u00e0 ruy b\u0103ng satin m\u00e0u h\u1ed3ng tinh x\u1ea3o<\/p>\n<\/li>\n<li class=\"\" data-start=\"677\" data-end=\"711\">\n<p class=\"\" data-start=\"679\" data-end=\"711\"><strong data-start=\"679\" data-end=\"686\">k\u00edch c\u1ee1<\/strong>: Kho\u1ea3ng 30cm x 40cm (r\u1ed9ng x cao)<\/p>\n<\/li>\n<li class=\"\" data-start=\"712\" data-end=\"759\">\n<p class=\"\" data-start=\"714\" data-end=\"759\"><strong data-start=\"714\" data-end=\"730\">Khuy\u1ebfn ngh\u1ecb v\u1ec1 k\u1ef7 ni\u1ec7m v\u00e0 s\u1ef1 ki\u1ec7n<\/strong>: M\u1ed9t m\u00f3n qu\u00e0 tri \u00e2n d\u00e0nh cho b\u1ea1n b\u00e8 ho\u1eb7c gia \u0111\u00ecnh, sinh nh\u1eadt ho\u1eb7c c\u00e1c s\u1ef1 ki\u1ec7n k\u1ef7 ni\u1ec7m<\/p>\n<\/li>\n<\/ul>\n<p>\ud83c\udf3f\u00a0<strong data-start=\"315\" data-end=\"337\"><a href=\"https:\/\/hamyflore.com\/vi\/\" target=\"_blank\" rel=\"noopener\">Giao hoa t\u1eadn n\u01a1i t\u1ea1i H\u1ed3 Ch\u00ed Minh<\/a>B\u1ea1c HamyFlore<\/strong><br data-start=\"337\" data-end=\"340\" \/>Nh\u1eefng b\u00f4ng hoa tr\u00e0n \u0111\u1ea7y c\u1ea3m x\u00fac, m\u1ed9t m\u00f3n qu\u00e0 cho m\u1ed9t ng\u00e0y \u0111\u1eb7c bi\u1ec7t.<br data-start=\"363\" data-end=\"366\" \/>\u0110\u1eb7t h\u00e0ng ngay t\u1eeb HamyFlore.<\/p>","protected":false},"featured_media":1328,"comment_status":"open","ping_status":"closed","template":"","meta":{"site-sidebar-layout":"default","site-content-layout":"","ast-site-content-layout":"default","site-content-style":"default","site-sidebar-style":"default","ast-global-header-display":"","ast-banner-title-visibility":"","ast-main-header-display":"","ast-hfb-above-header-display":"","ast-hfb-below-header-display":"","ast-hfb-mobile-header-display":"","site-post-title":"","ast-breadcrumbs-content":"","ast-featured-img":"","footer-sml-layout":"","theme-transparent-header-meta":"default","adv-header-id-meta":"","stick-header-meta":"default","header-above-stick-meta":"","header-main-stick-meta":"","header-below-stick-meta":"","astra-migrate-meta-layouts":"set","ast-page-background-enabled":"default","ast-page-background-meta":{"desktop":{"background-color":"var(--ast-global-color-4)","background-image":"","background-repeat":"repeat","background-position":"center center","background-size":"auto","background-attachment":"scroll","background-type":"","background-media":"","overlay-type":"","overlay-color":"","overlay-opacity":"","overlay-gradient":""},"tablet":{"background-color":"","background-image":"","background-repeat":"repeat","background-position":"center center","background-size":"auto","background-attachment":"scroll","background-type":"","background-media":"","overlay-type":"","overlay-color":"","overlay-opacity":"","overlay-gradient":""},"mobile":{"background-color":"","background-image":"","background-repeat":"repeat","background-position":"center center","background-size":"auto","background-attachment":"scroll","background-type":"","background-media":"","overlay-type":"","overlay-color":"","overlay-opacity":"","overlay-gradient":""}},"ast-content-background-meta":{"desktop":{"background-color":"var(--ast-global-color-5)","background-image":"","background-repeat":"repeat","background-position":"center center","background-size":"auto","background-attachment":"scroll","background-type":"","background-media":"","overlay-type":"","overlay-color":"","overlay-opacity":"","overlay-gradient":""},"tablet":{"background-color":"var(--ast-global-color-5)","background-image":"","background-repeat":"repeat","background-position":"center center","background-size":"auto","background-attachment":"scroll","background-type":"","background-media":"","overlay-type":"","overlay-color":"","overlay-opacity":"","overlay-gradient":""},"mobile":{"background-color":"var(--ast-global-color-5)","background-image":"","background-repeat":"repeat","background-position":"center center","background-size":"auto","background-attachment":"scroll","background-type":"","background-media":"","overlay-type":"","overlay-color":"","overlay-opacity":"","overlay-gradient":""}}},"product_brand":[],"product_cat":[35],"product_tag":[78],"class_list":{"0":"post-1327","1":"product","2":"type-product","3":"status-publish","4":"has-post-thumbnail","6":"product_cat-35","7":"product_tag-78","8":"desktop-align-left","9":"tablet-align-left","10":"mobile-align-left","11":"ast-product-gallery-layout-first-image-large","12":"ast-product-tabs-layout-accordion","13":"ast-qv-on-image","15":"first","16":"instock","17":"sale","18":"taxable","19":"shipping-taxable","20":"purchasable","21":"product-type-simple"},"jetpack_sharing_enabled":true,"_links":{"self":[{"href":"https:\/\/hamyflore.com\/vi\/wp-json\/wp\/v2\/product\/1327","targetHints":{"allow":["GET"]}}],"collection":[{"href":"https:\/\/hamyflore.com\/vi\/wp-json\/wp\/v2\/product"}],"about":[{"href":"https:\/\/hamyflore.com\/vi\/wp-json\/wp\/v2\/types\/product"}],"replies":[{"embeddable":true,"href":"https:\/\/hamyflore.com\/vi\/wp-json\/wp\/v2\/comments?post=1327"}],"version-history":[{"count":2,"href":"https:\/\/hamyflore.com\/vi\/wp-json\/wp\/v2\/product\/1327\/revisions"}],"predecessor-version":[{"id":1551,"href":"https:\/\/hamyflore.com\/vi\/wp-json\/wp\/v2\/product\/1327\/revisions\/1551"}],"wp:featuredmedia":[{"embeddable":true,"href":"https:\/\/hamyflore.com\/vi\/wp-json\/wp\/v2\/media\/1328"}],"wp:attachment":[{"href":"https:\/\/hamyflore.com\/vi\/wp-json\/wp\/v2\/media?parent=1327"}],"wp:term":[{"taxonomy":"product_brand","embeddable":true,"href":"https:\/\/hamyflore.com\/vi\/wp-json\/wp\/v2\/product_brand?post=1327"},{"taxonomy":"product_cat","embeddable":true,"href":"https:\/\/hamyflore.com\/vi\/wp-json\/wp\/v2\/product_cat?post=1327"},{"taxonomy":"product_tag","embeddable":true,"href":"https:\/\/hamyflore.com\/vi\/wp-json\/wp\/v2\/product_tag?post=1327"}],"curies":[{"name":"wp","href":"https:\/\/api.w.org\/{rel}","templated":true}]}}