{"id":1323,"date":"2025-04-05T10:25:45","date_gmt":"2025-04-05T10:25:45","guid":{"rendered":"https:\/\/hamyflore.com\/?post_type=product&#038;p=1323"},"modified":"2025-04-12T07:26:19","modified_gmt":"2025-04-12T07:26:19","slug":"%eb%b3%b4%eb%9d%bc-%ea%bd%83%eb%8b%a4%eb%b0%9c%ec%9d%98-%eb%a7%88%eb%b2%95","status":"publish","type":"product","link":"https:\/\/hamyflore.com\/vi\/san-pham\/%eb%b3%b4%eb%9d%bc-%ea%bd%83%eb%8b%a4%eb%b0%9c%ec%9d%98-%eb%a7%88%eb%b2%95\/","title":{"rendered":"S\u1ef1 k\u1ef3 di\u1ec7u c\u1ee7a nh\u1eefng b\u00f3 hoa m\u00e0u t\u00edm"},"content":{"rendered":"<p><img data-opt-id=1949581714  fetchpriority=\"high\" decoding=\"async\" class=\"alignnone size-medium wp-image-1324\" src=\"https:\/\/mlmylfytwgtu.i.optimole.com\/w:300\/h:300\/q:mauto\/rt:fill\/g:ce\/ig:avif\/https:\/\/hamyflore.com\/wp-content\/uploads\/2025\/04\/ChatGPT-Image-2025년-4월-5일-오후-07_21_10.png\" alt=\"\ubcf4\ub77c \uaf43\ub2e4\ubc1c\uc758 \ub9c8\ubc95\" width=\"300\" height=\"300\" srcset=\"https:\/\/mlmylfytwgtu.i.optimole.com\/w:300\/h:300\/q:mauto\/rt:fill\/g:ce\/ig:avif\/https:\/\/hamyflore.com\/wp-content\/uploads\/2025\/04\/ChatGPT-Image-2025\ub144-4\uc6d4-5\uc77c-\uc624\ud6c4-07_21_10.png 300w, https:\/\/mlmylfytwgtu.i.optimole.com\/w:150\/h:150\/q:mauto\/rt:fill\/g:ce\/ig:avif\/https:\/\/hamyflore.com\/wp-content\/uploads\/2025\/04\/ChatGPT-Image-2025\ub144-4\uc6d4-5\uc77c-\uc624\ud6c4-07_21_10.png 150w, https:\/\/mlmylfytwgtu.i.optimole.com\/w:768\/h:768\/q:mauto\/rt:fill\/g:ce\/ig:avif\/https:\/\/hamyflore.com\/wp-content\/uploads\/2025\/04\/ChatGPT-Image-2025\ub144-4\uc6d4-5\uc77c-\uc624\ud6c4-07_21_10.png 768w, https:\/\/mlmylfytwgtu.i.optimole.com\/w:600\/h:600\/q:mauto\/rt:fill\/g:ce\/ig:avif\/https:\/\/hamyflore.com\/wp-content\/uploads\/2025\/04\/ChatGPT-Image-2025\ub144-4\uc6d4-5\uc77c-\uc624\ud6c4-07_21_10.png 600w, https:\/\/mlmylfytwgtu.i.optimole.com\/w:100\/h:100\/q:mauto\/rt:fill\/g:ce\/ig:avif\/https:\/\/hamyflore.com\/wp-content\/uploads\/2025\/04\/ChatGPT-Image-2025\ub144-4\uc6d4-5\uc77c-\uc624\ud6c4-07_21_10.png 100w, https:\/\/mlmylfytwgtu.i.optimole.com\/w:1024\/h:1024\/q:mauto\/rt:fill\/g:ce\/ig:avif\/https:\/\/hamyflore.com\/wp-content\/uploads\/2025\/04\/ChatGPT-Image-2025\ub144-4\uc6d4-5\uc77c-\uc624\ud6c4-07_21_10.png 1024w\" sizes=\"(max-width: 300px) 100vw, 300px\" \/><\/p>\n<h3 data-start=\"332\" data-end=\"362\">S\u1ef1 k\u1ef3 di\u1ec7u c\u1ee7a nh\u1eefng b\u00f3 hoa m\u00e0u t\u00edm<\/h3>\n<p class=\"\" data-start=\"332\" data-end=\"362\"><strong data-start=\"332\" data-end=\"339\">T\u00ean s\u1ea3n ph\u1ea9m<\/strong>: S\u1ef1 k\u1ef3 di\u1ec7u c\u1ee7a nh\u1eefng b\u00f3 hoa m\u00e0u t\u00edm<\/p>\n<p class=\"\" data-start=\"332\" data-end=\"362\"><strong data-start=\"352\" data-end=\"361\">C\u00e1c t\u00ednh n\u0103ng ch\u00ednh<\/strong>:<\/p>\n<ul data-start=\"363\" data-end=\"516\">\n<li class=\"\" data-start=\"363\" data-end=\"387\">\n<p class=\"\" data-start=\"365\" data-end=\"387\"><strong data-start=\"365\" data-end=\"371\">m\u00e0u s\u1eafc<\/strong>: Hoa h\u1ed3ng t\u00edm s\u00e2u th\u1eb3m v\u00e0 quy\u1ebfn r\u0169<\/p>\n<\/li>\n<li class=\"\" data-start=\"388\" data-end=\"409\">\n<p class=\"\" data-start=\"390\" data-end=\"409\"><strong data-start=\"390\" data-end=\"398\">Lo\u1ea1i hoa<\/strong>: Hoa h\u1ed3ng t\u00edm \u0111\u1eb9p<\/p>\n<\/li>\n<li class=\"\" data-start=\"410\" data-end=\"435\">\n<p class=\"\" data-start=\"412\" data-end=\"435\"><strong data-start=\"412\" data-end=\"418\">\u0111\u00f3ng g\u00f3i<\/strong>: Gi\u1ea5y b\u00f3ng k\u00ednh trong su\u1ed1t v\u00e0 ruy b\u0103ng m\u00e0u t\u00edm<\/p>\n<\/li>\n<li class=\"\" data-start=\"436\" data-end=\"470\">\n<p class=\"\" data-start=\"438\" data-end=\"470\"><strong data-start=\"438\" data-end=\"445\">k\u00edch c\u1ee1<\/strong>: Kho\u1ea3ng 30cm x 40cm (r\u1ed9ng x cao)<\/p>\n<\/li>\n<li class=\"\" data-start=\"471\" data-end=\"516\">\n<p class=\"\" data-start=\"473\" data-end=\"516\"><strong data-start=\"473\" data-end=\"489\">Khuy\u1ebfn ngh\u1ecb v\u1ec1 k\u1ef7 ni\u1ec7m v\u00e0 s\u1ef1 ki\u1ec7n<\/strong>: Ng\u00e0y l\u1ec5 t\u00ecnh nh\u00e2n, k\u1ef7 ni\u1ec7m, khi b\u00e0y t\u1ecf l\u00f2ng bi\u1ebft \u01a1n<\/p>\n<\/li>\n<\/ul>","protected":false},"excerpt":{"rendered":"<h3 class=\"\" data-start=\"314\" data-end=\"331\">S\u1ef1 k\u1ef3 di\u1ec7u c\u1ee7a nh\u1eefng b\u00f3 hoa m\u00e0u t\u00edm<\/h3>\n<p class=\"\" data-start=\"332\" data-end=\"362\"><strong data-start=\"332\" data-end=\"339\">T\u00ean s\u1ea3n ph\u1ea9m<\/strong>: S\u1ef1 k\u1ef3 di\u1ec7u c\u1ee7a nh\u1eefng b\u00f3 hoa m\u00e0u t\u00edm <strong data-start=\"352\" data-end=\"361\">C\u00e1c t\u00ednh n\u0103ng ch\u00ednh<\/strong>:<\/p>\n<ul data-start=\"363\" data-end=\"516\">\n<li class=\"\" data-start=\"363\" data-end=\"387\">\n<p class=\"\" data-start=\"365\" data-end=\"387\"><strong data-start=\"365\" data-end=\"371\">m\u00e0u s\u1eafc<\/strong>: Hoa h\u1ed3ng t\u00edm s\u00e2u th\u1eb3m v\u00e0 quy\u1ebfn r\u0169<\/p>\n<\/li>\n<li class=\"\" data-start=\"388\" data-end=\"409\">\n<p class=\"\" data-start=\"390\" data-end=\"409\"><strong data-start=\"390\" data-end=\"398\">Lo\u1ea1i hoa<\/strong>: Hoa h\u1ed3ng t\u00edm \u0111\u1eb9p<\/p>\n<\/li>\n<li class=\"\" data-start=\"410\" data-end=\"435\">\n<p class=\"\" data-start=\"412\" data-end=\"435\"><strong data-start=\"412\" data-end=\"418\">\u0111\u00f3ng g\u00f3i<\/strong>: Gi\u1ea5y b\u00f3ng k\u00ednh trong su\u1ed1t v\u00e0 ruy b\u0103ng m\u00e0u t\u00edm<\/p>\n<\/li>\n<li class=\"\" data-start=\"436\" data-end=\"470\">\n<p class=\"\" data-start=\"438\" data-end=\"470\"><strong data-start=\"438\" data-end=\"445\">k\u00edch c\u1ee1<\/strong>: Kho\u1ea3ng 30cm x 40cm (r\u1ed9ng x cao)<\/p>\n<\/li>\n<li class=\"\" data-start=\"471\" data-end=\"516\">\n<p class=\"\" data-start=\"473\" data-end=\"516\"><strong data-start=\"473\" data-end=\"489\">Khuy\u1ebfn ngh\u1ecb v\u1ec1 k\u1ef7 ni\u1ec7m v\u00e0 s\u1ef1 ki\u1ec7n<\/strong>: Ng\u00e0y l\u1ec5 t\u00ecnh nh\u00e2n, k\u1ef7 ni\u1ec7m, khi b\u00e0y t\u1ecf l\u00f2ng bi\u1ebft \u01a1n<\/p>\n<\/li>\n<\/ul>","protected":false},"featured_media":1324,"comment_status":"open","ping_status":"closed","template":"","meta":{"site-sidebar-layout":"default","site-content-layout":"","ast-site-content-layout":"default","site-content-style":"default","site-sidebar-style":"default","ast-global-header-display":"","ast-banner-title-visibility":"","ast-main-header-display":"","ast-hfb-above-header-display":"","ast-hfb-below-header-display":"","ast-hfb-mobile-header-display":"","site-post-title":"","ast-breadcrumbs-content":"","ast-featured-img":"","footer-sml-layout":"","theme-transparent-header-meta":"default","adv-header-id-meta":"","stick-header-meta":"default","header-above-stick-meta":"","header-main-stick-meta":"","header-below-stick-meta":"","astra-migrate-meta-layouts":"set","ast-page-background-enabled":"default","ast-page-background-meta":{"desktop":{"background-color":"var(--ast-global-color-4)","background-image":"","background-repeat":"repeat","background-position":"center center","background-size":"auto","background-attachment":"scroll","background-type":"","background-media":"","overlay-type":"","overlay-color":"","overlay-opacity":"","overlay-gradient":""},"tablet":{"background-color":"","background-image":"","background-repeat":"repeat","background-position":"center center","background-size":"auto","background-attachment":"scroll","background-type":"","background-media":"","overlay-type":"","overlay-color":"","overlay-opacity":"","overlay-gradient":""},"mobile":{"background-color":"","background-image":"","background-repeat":"repeat","background-position":"center center","background-size":"auto","background-attachment":"scroll","background-type":"","background-media":"","overlay-type":"","overlay-color":"","overlay-opacity":"","overlay-gradient":""}},"ast-content-background-meta":{"desktop":{"background-color":"var(--ast-global-color-5)","background-image":"","background-repeat":"repeat","background-position":"center center","background-size":"auto","background-attachment":"scroll","background-type":"","background-media":"","overlay-type":"","overlay-color":"","overlay-opacity":"","overlay-gradient":""},"tablet":{"background-color":"var(--ast-global-color-5)","background-image":"","background-repeat":"repeat","background-position":"center center","background-size":"auto","background-attachment":"scroll","background-type":"","background-media":"","overlay-type":"","overlay-color":"","overlay-opacity":"","overlay-gradient":""},"mobile":{"background-color":"var(--ast-global-color-5)","background-image":"","background-repeat":"repeat","background-position":"center center","background-size":"auto","background-attachment":"scroll","background-type":"","background-media":"","overlay-type":"","overlay-color":"","overlay-opacity":"","overlay-gradient":""}}},"product_brand":[],"product_cat":[35],"product_tag":[],"class_list":{"0":"post-1323","1":"product","2":"type-product","3":"status-publish","4":"has-post-thumbnail","6":"product_cat-35","7":"desktop-align-left","8":"tablet-align-left","9":"mobile-align-left","10":"ast-product-gallery-layout-first-image-large","11":"ast-product-tabs-layout-accordion","12":"ast-qv-on-image","14":"first","15":"instock","16":"sale","17":"taxable","18":"shipping-taxable","19":"purchasable","20":"product-type-simple"},"jetpack_sharing_enabled":true,"_links":{"self":[{"href":"https:\/\/hamyflore.com\/vi\/wp-json\/wp\/v2\/product\/1323","targetHints":{"allow":["GET"]}}],"collection":[{"href":"https:\/\/hamyflore.com\/vi\/wp-json\/wp\/v2\/product"}],"about":[{"href":"https:\/\/hamyflore.com\/vi\/wp-json\/wp\/v2\/types\/product"}],"replies":[{"embeddable":true,"href":"https:\/\/hamyflore.com\/vi\/wp-json\/wp\/v2\/comments?post=1323"}],"version-history":[{"count":2,"href":"https:\/\/hamyflore.com\/vi\/wp-json\/wp\/v2\/product\/1323\/revisions"}],"predecessor-version":[{"id":1326,"href":"https:\/\/hamyflore.com\/vi\/wp-json\/wp\/v2\/product\/1323\/revisions\/1326"}],"wp:featuredmedia":[{"embeddable":true,"href":"https:\/\/hamyflore.com\/vi\/wp-json\/wp\/v2\/media\/1324"}],"wp:attachment":[{"href":"https:\/\/hamyflore.com\/vi\/wp-json\/wp\/v2\/media?parent=1323"}],"wp:term":[{"taxonomy":"product_brand","embeddable":true,"href":"https:\/\/hamyflore.com\/vi\/wp-json\/wp\/v2\/product_brand?post=1323"},{"taxonomy":"product_cat","embeddable":true,"href":"https:\/\/hamyflore.com\/vi\/wp-json\/wp\/v2\/product_cat?post=1323"},{"taxonomy":"product_tag","embeddable":true,"href":"https:\/\/hamyflore.com\/vi\/wp-json\/wp\/v2\/product_tag?post=1323"}],"curies":[{"name":"wp","href":"https:\/\/api.w.org\/{rel}","templated":true}]}}