{"id":1319,"date":"2025-04-05T10:23:45","date_gmt":"2025-04-05T10:23:45","guid":{"rendered":"https:\/\/hamyflore.com\/?post_type=product&#038;p=1319"},"modified":"2025-04-12T07:27:44","modified_gmt":"2025-04-12T07:27:44","slug":"%ed%99%94%ec%9d%b4%ed%8a%b8-%eb%a1%9c%ec%a6%88%ec%9d%98-%ec%9a%b0%ec%95%84%ed%95%a8","status":"publish","type":"product","link":"https:\/\/hamyflore.com\/vi\/san-pham\/%ed%99%94%ec%9d%b4%ed%8a%b8-%eb%a1%9c%ec%a6%88%ec%9d%98-%ec%9a%b0%ec%95%84%ed%95%a8\/","title":{"rendered":"S\u1ef1 thanh l\u1ecbch c\u1ee7a hoa h\u1ed3ng tr\u1eafng"},"content":{"rendered":"<p><img data-opt-id=845830058  fetchpriority=\"high\" decoding=\"async\" class=\"alignnone size-medium wp-image-1320\" src=\"https:\/\/mlmylfytwgtu.i.optimole.com\/w:300\/h:300\/q:mauto\/rt:fill\/g:ce\/ig:avif\/https:\/\/hamyflore.com\/wp-content\/uploads\/2025\/04\/ChatGPT-Image-2025년-4월-5일-오후-07_21_12.png\" alt=\"\ud654\uc774\ud2b8 \ub85c\uc988\uc758 \uc6b0\uc544\ud568\" width=\"300\" height=\"300\" srcset=\"https:\/\/mlmylfytwgtu.i.optimole.com\/w:300\/h:300\/q:mauto\/rt:fill\/g:ce\/ig:avif\/https:\/\/hamyflore.com\/wp-content\/uploads\/2025\/04\/ChatGPT-Image-2025\ub144-4\uc6d4-5\uc77c-\uc624\ud6c4-07_21_12.png 300w, https:\/\/mlmylfytwgtu.i.optimole.com\/w:150\/h:150\/q:mauto\/rt:fill\/g:ce\/ig:avif\/https:\/\/hamyflore.com\/wp-content\/uploads\/2025\/04\/ChatGPT-Image-2025\ub144-4\uc6d4-5\uc77c-\uc624\ud6c4-07_21_12.png 150w, https:\/\/mlmylfytwgtu.i.optimole.com\/w:768\/h:768\/q:mauto\/rt:fill\/g:ce\/ig:avif\/https:\/\/hamyflore.com\/wp-content\/uploads\/2025\/04\/ChatGPT-Image-2025\ub144-4\uc6d4-5\uc77c-\uc624\ud6c4-07_21_12.png 768w, https:\/\/mlmylfytwgtu.i.optimole.com\/w:600\/h:600\/q:mauto\/rt:fill\/g:ce\/ig:avif\/https:\/\/hamyflore.com\/wp-content\/uploads\/2025\/04\/ChatGPT-Image-2025\ub144-4\uc6d4-5\uc77c-\uc624\ud6c4-07_21_12.png 600w, https:\/\/mlmylfytwgtu.i.optimole.com\/w:100\/h:100\/q:mauto\/rt:fill\/g:ce\/ig:avif\/https:\/\/hamyflore.com\/wp-content\/uploads\/2025\/04\/ChatGPT-Image-2025\ub144-4\uc6d4-5\uc77c-\uc624\ud6c4-07_21_12.png 100w, https:\/\/mlmylfytwgtu.i.optimole.com\/w:1024\/h:1024\/q:mauto\/rt:fill\/g:ce\/ig:avif\/https:\/\/hamyflore.com\/wp-content\/uploads\/2025\/04\/ChatGPT-Image-2025\ub144-4\uc6d4-5\uc77c-\uc624\ud6c4-07_21_12.png 1024w\" sizes=\"(max-width: 300px) 100vw, 300px\" \/><\/p>\n<p>&nbsp;<\/p>\n<h3 class=\"\" data-start=\"93\" data-end=\"111\">S\u1ef1 thanh l\u1ecbch c\u1ee7a hoa h\u1ed3ng tr\u1eafng<\/h3>\n<p class=\"\" data-start=\"112\" data-end=\"143\"><strong data-start=\"112\" data-end=\"119\">T\u00ean s\u1ea3n ph\u1ea9m<\/strong>: S\u1ef1 thanh l\u1ecbch c\u1ee7a hoa h\u1ed3ng tr\u1eafng <strong data-start=\"133\" data-end=\"142\">C\u00e1c t\u00ednh n\u0103ng ch\u00ednh<\/strong>:<\/p>\n<ul data-start=\"144\" data-end=\"312\">\n<li class=\"\" data-start=\"144\" data-end=\"164\">\n<p class=\"\" data-start=\"146\" data-end=\"164\"><strong data-start=\"146\" data-end=\"152\">m\u00e0u s\u1eafc<\/strong>: Hoa h\u1ed3ng tr\u1eafng tinh khi\u1ebft<\/p>\n<\/li>\n<li class=\"\" data-start=\"165\" data-end=\"188\">\n<p class=\"\" data-start=\"167\" data-end=\"188\"><strong data-start=\"167\" data-end=\"175\">Lo\u1ea1i hoa<\/strong>: Hoa h\u1ed3ng tr\u1eafng ch\u1ea5t l\u01b0\u1ee3ng h\u00e0ng \u0111\u1ea7u<\/p>\n<\/li>\n<li class=\"\" data-start=\"189\" data-end=\"223\">\n<p class=\"\" data-start=\"191\" data-end=\"223\"><strong data-start=\"191\" data-end=\"197\">\u0111\u00f3ng g\u00f3i<\/strong>: Gi\u1ea5y g\u00f3i m\u00e0u tr\u1eafng sang tr\u1ecdng v\u00e0 ruy b\u0103ng satin m\u1ecbn<\/p>\n<\/li>\n<li class=\"\" data-start=\"224\" data-end=\"258\">\n<p class=\"\" data-start=\"226\" data-end=\"258\"><strong data-start=\"226\" data-end=\"233\">k\u00edch c\u1ee1<\/strong>: Kho\u1ea3ng 30cm x 40cm (r\u1ed9ng x cao)<\/p>\n<\/li>\n<li class=\"\" data-start=\"259\" data-end=\"312\">\n<p class=\"\" data-start=\"261\" data-end=\"312\"><strong data-start=\"261\" data-end=\"277\">Khuy\u1ebfn ngh\u1ecb v\u1ec1 k\u1ef7 ni\u1ec7m v\u00e0 s\u1ef1 ki\u1ec7n<\/strong>: K\u1ef7 ni\u1ec7m ng\u00e0y c\u01b0\u1edbi, sinh nh\u1eadt, t\u1ed1t nghi\u1ec7p, b\u1ea5t k\u1ef3 kho\u1ea3nh kh\u1eafc n\u00e0o b\u1ea1n mu\u1ed1n th\u1ec3 hi\u1ec7n s\u1ef1 ch\u00e2n th\u00e0nh c\u1ee7a m\u00ecnh<\/p>\n<\/li>\n<\/ul>\n<p>\ud83c\udf3f\u00a0<strong data-start=\"315\" data-end=\"337\"><a href=\"https:\/\/hamyflore.com\/vi\/\" target=\"_blank\" rel=\"noopener\">Giao hoa t\u1eadn n\u01a1i t\u1ea1i H\u1ed3 Ch\u00ed Minh<\/a>B\u1ea1c HamyFlore<\/strong><br data-start=\"337\" data-end=\"340\" \/>Nh\u1eefng b\u00f4ng hoa tr\u00e0n \u0111\u1ea7y c\u1ea3m x\u00fac, m\u1ed9t m\u00f3n qu\u00e0 cho m\u1ed9t ng\u00e0y \u0111\u1eb7c bi\u1ec7t.<br data-start=\"363\" data-end=\"366\" \/>\u0110\u1eb7t h\u00e0ng ngay t\u1eeb HamyFlore.<\/p>","protected":false},"excerpt":{"rendered":"<h3 class=\"\" data-start=\"93\" data-end=\"111\">S\u1ef1 thanh l\u1ecbch c\u1ee7a hoa h\u1ed3ng tr\u1eafng<\/h3>\n<p class=\"\" data-start=\"112\" data-end=\"143\"><strong data-start=\"112\" data-end=\"119\">T\u00ean s\u1ea3n ph\u1ea9m<\/strong>: S\u1ef1 thanh l\u1ecbch c\u1ee7a hoa h\u1ed3ng tr\u1eafng <strong data-start=\"133\" data-end=\"142\">C\u00e1c t\u00ednh n\u0103ng ch\u00ednh<\/strong>:<\/p>\n<ul data-start=\"144\" data-end=\"312\">\n<li class=\"\" data-start=\"144\" data-end=\"164\">\n<p class=\"\" data-start=\"146\" data-end=\"164\"><strong data-start=\"146\" data-end=\"152\">m\u00e0u s\u1eafc<\/strong>: Hoa h\u1ed3ng tr\u1eafng tinh khi\u1ebft<\/p>\n<\/li>\n<li class=\"\" data-start=\"165\" data-end=\"188\">\n<p class=\"\" data-start=\"167\" data-end=\"188\"><strong data-start=\"167\" data-end=\"175\">Lo\u1ea1i hoa<\/strong>: Hoa h\u1ed3ng tr\u1eafng ch\u1ea5t l\u01b0\u1ee3ng h\u00e0ng \u0111\u1ea7u<\/p>\n<\/li>\n<li class=\"\" data-start=\"189\" data-end=\"223\">\n<p class=\"\" data-start=\"191\" data-end=\"223\"><strong data-start=\"191\" data-end=\"197\">\u0111\u00f3ng g\u00f3i<\/strong>: Gi\u1ea5y g\u00f3i m\u00e0u tr\u1eafng sang tr\u1ecdng v\u00e0 ruy b\u0103ng satin m\u1ecbn<\/p>\n<\/li>\n<li class=\"\" data-start=\"224\" data-end=\"258\">\n<p class=\"\" data-start=\"226\" data-end=\"258\"><strong data-start=\"226\" data-end=\"233\">k\u00edch c\u1ee1<\/strong>: Kho\u1ea3ng 30cm x 40cm (r\u1ed9ng x cao)<\/p>\n<\/li>\n<li class=\"\" data-start=\"259\" data-end=\"312\">\n<p class=\"\" data-start=\"261\" data-end=\"312\"><strong data-start=\"261\" data-end=\"277\">Khuy\u1ebfn ngh\u1ecb v\u1ec1 k\u1ef7 ni\u1ec7m v\u00e0 s\u1ef1 ki\u1ec7n<\/strong>: K\u1ef7 ni\u1ec7m ng\u00e0y c\u01b0\u1edbi, sinh nh\u1eadt, t\u1ed1t nghi\u1ec7p, b\u1ea5t k\u1ef3 kho\u1ea3nh kh\u1eafc n\u00e0o b\u1ea1n mu\u1ed1n th\u1ec3 hi\u1ec7n s\u1ef1 ch\u00e2n th\u00e0nh c\u1ee7a m\u00ecnh<\/p>\n<\/li>\n<\/ul>\n<p>\ud83c\udf3f\u00a0<strong data-start=\"315\" data-end=\"337\"><a href=\"https:\/\/hamyflore.com\/vi\/\" target=\"_blank\" rel=\"noopener\">Giao hoa t\u1eadn n\u01a1i t\u1ea1i H\u1ed3 Ch\u00ed Minh<\/a>B\u1ea1c HamyFlore<\/strong><br data-start=\"337\" data-end=\"340\" \/>Nh\u1eefng b\u00f4ng hoa tr\u00e0n \u0111\u1ea7y c\u1ea3m x\u00fac, m\u1ed9t m\u00f3n qu\u00e0 cho m\u1ed9t ng\u00e0y \u0111\u1eb7c bi\u1ec7t.<br data-start=\"363\" data-end=\"366\" \/>\u0110\u1eb7t h\u00e0ng ngay t\u1eeb HamyFlore.<\/p>","protected":false},"featured_media":1320,"comment_status":"open","ping_status":"closed","template":"","meta":{"site-sidebar-layout":"default","site-content-layout":"","ast-site-content-layout":"default","site-content-style":"default","site-sidebar-style":"default","ast-global-header-display":"","ast-banner-title-visibility":"","ast-main-header-display":"","ast-hfb-above-header-display":"","ast-hfb-below-header-display":"","ast-hfb-mobile-header-display":"","site-post-title":"","ast-breadcrumbs-content":"","ast-featured-img":"","footer-sml-layout":"","theme-transparent-header-meta":"default","adv-header-id-meta":"","stick-header-meta":"default","header-above-stick-meta":"","header-main-stick-meta":"","header-below-stick-meta":"","astra-migrate-meta-layouts":"set","ast-page-background-enabled":"default","ast-page-background-meta":{"desktop":{"background-color":"var(--ast-global-color-4)","background-image":"","background-repeat":"repeat","background-position":"center center","background-size":"auto","background-attachment":"scroll","background-type":"","background-media":"","overlay-type":"","overlay-color":"","overlay-opacity":"","overlay-gradient":""},"tablet":{"background-color":"","background-image":"","background-repeat":"repeat","background-position":"center center","background-size":"auto","background-attachment":"scroll","background-type":"","background-media":"","overlay-type":"","overlay-color":"","overlay-opacity":"","overlay-gradient":""},"mobile":{"background-color":"","background-image":"","background-repeat":"repeat","background-position":"center center","background-size":"auto","background-attachment":"scroll","background-type":"","background-media":"","overlay-type":"","overlay-color":"","overlay-opacity":"","overlay-gradient":""}},"ast-content-background-meta":{"desktop":{"background-color":"var(--ast-global-color-5)","background-image":"","background-repeat":"repeat","background-position":"center center","background-size":"auto","background-attachment":"scroll","background-type":"","background-media":"","overlay-type":"","overlay-color":"","overlay-opacity":"","overlay-gradient":""},"tablet":{"background-color":"var(--ast-global-color-5)","background-image":"","background-repeat":"repeat","background-position":"center center","background-size":"auto","background-attachment":"scroll","background-type":"","background-media":"","overlay-type":"","overlay-color":"","overlay-opacity":"","overlay-gradient":""},"mobile":{"background-color":"var(--ast-global-color-5)","background-image":"","background-repeat":"repeat","background-position":"center center","background-size":"auto","background-attachment":"scroll","background-type":"","background-media":"","overlay-type":"","overlay-color":"","overlay-opacity":"","overlay-gradient":""}}},"product_brand":[],"product_cat":[35],"product_tag":[77],"class_list":{"0":"post-1319","1":"product","2":"type-product","3":"status-publish","4":"has-post-thumbnail","6":"product_cat-35","7":"product_tag-77","8":"desktop-align-left","9":"tablet-align-left","10":"mobile-align-left","11":"ast-product-gallery-layout-first-image-large","12":"ast-product-tabs-layout-accordion","13":"ast-qv-on-image","15":"first","16":"instock","17":"sale","18":"taxable","19":"shipping-taxable","20":"purchasable","21":"product-type-simple"},"jetpack_sharing_enabled":true,"_links":{"self":[{"href":"https:\/\/hamyflore.com\/vi\/wp-json\/wp\/v2\/product\/1319","targetHints":{"allow":["GET"]}}],"collection":[{"href":"https:\/\/hamyflore.com\/vi\/wp-json\/wp\/v2\/product"}],"about":[{"href":"https:\/\/hamyflore.com\/vi\/wp-json\/wp\/v2\/types\/product"}],"replies":[{"embeddable":true,"href":"https:\/\/hamyflore.com\/vi\/wp-json\/wp\/v2\/comments?post=1319"}],"version-history":[{"count":2,"href":"https:\/\/hamyflore.com\/vi\/wp-json\/wp\/v2\/product\/1319\/revisions"}],"predecessor-version":[{"id":1550,"href":"https:\/\/hamyflore.com\/vi\/wp-json\/wp\/v2\/product\/1319\/revisions\/1550"}],"wp:featuredmedia":[{"embeddable":true,"href":"https:\/\/hamyflore.com\/vi\/wp-json\/wp\/v2\/media\/1320"}],"wp:attachment":[{"href":"https:\/\/hamyflore.com\/vi\/wp-json\/wp\/v2\/media?parent=1319"}],"wp:term":[{"taxonomy":"product_brand","embeddable":true,"href":"https:\/\/hamyflore.com\/vi\/wp-json\/wp\/v2\/product_brand?post=1319"},{"taxonomy":"product_cat","embeddable":true,"href":"https:\/\/hamyflore.com\/vi\/wp-json\/wp\/v2\/product_cat?post=1319"},{"taxonomy":"product_tag","embeddable":true,"href":"https:\/\/hamyflore.com\/vi\/wp-json\/wp\/v2\/product_tag?post=1319"}],"curies":[{"name":"wp","href":"https:\/\/api.w.org\/{rel}","templated":true}]}}