{"id":1314,"date":"2025-04-05T10:08:59","date_gmt":"2025-04-05T10:08:59","guid":{"rendered":"https:\/\/hamyflore.com\/?post_type=product&#038;p=1314"},"modified":"2025-04-12T07:25:03","modified_gmt":"2025-04-12T07:25:03","slug":"%ec%82%ac%eb%9e%91%ea%b3%bc-%ea%b0%90%ec%82%ac%ec%9d%98-%ec%9e%a5%eb%af%b8-%ea%bd%83%eb%8b%a4%eb%b0%9c","status":"publish","type":"product","link":"https:\/\/hamyflore.com\/vi\/san-pham\/%ec%82%ac%eb%9e%91%ea%b3%bc-%ea%b0%90%ec%82%ac%ec%9d%98-%ec%9e%a5%eb%af%b8-%ea%bd%83%eb%8b%a4%eb%b0%9c\/","title":{"rendered":"M\u1ed9t b\u00f3 hoa h\u1ed3ng c\u1ee7a t\u00ecnh y\u00eau v\u00e0 l\u00f2ng bi\u1ebft \u01a1n"},"content":{"rendered":"<p><img data-opt-id=2036074974  fetchpriority=\"high\" decoding=\"async\" class=\"alignnone size-medium wp-image-1315\" src=\"https:\/\/mlmylfytwgtu.i.optimole.com\/w:225\/h:300\/q:mauto\/ig:avif\/https:\/\/hamyflore.com\/wp-content\/uploads\/2025\/04\/photo_2025-04-05_19-05-14.jpg\" alt=\"\uc0ac\ub791\uacfc \uac10\uc0ac\uc758 \uc7a5\ubbf8 \uaf43\ub2e4\ubc1c\" width=\"225\" height=\"300\" srcset=\"https:\/\/mlmylfytwgtu.i.optimole.com\/w:225\/h:300\/q:mauto\/ig:avif\/https:\/\/hamyflore.com\/wp-content\/uploads\/2025\/04\/photo_2025-04-05_19-05-14.jpg 225w, https:\/\/mlmylfytwgtu.i.optimole.com\/w:767\/h:1024\/q:mauto\/ig:avif\/https:\/\/hamyflore.com\/wp-content\/uploads\/2025\/04\/photo_2025-04-05_19-05-14.jpg 767w, https:\/\/mlmylfytwgtu.i.optimole.com\/w:768\/h:1025\/q:mauto\/ig:avif\/https:\/\/hamyflore.com\/wp-content\/uploads\/2025\/04\/photo_2025-04-05_19-05-14.jpg 768w, https:\/\/mlmylfytwgtu.i.optimole.com\/w:600\/h:801\/q:mauto\/ig:avif\/https:\/\/hamyflore.com\/wp-content\/uploads\/2025\/04\/photo_2025-04-05_19-05-14.jpg 600w, https:\/\/mlmylfytwgtu.i.optimole.com\/w:809\/h:1080\/q:mauto\/ig:avif\/https:\/\/hamyflore.com\/wp-content\/uploads\/2025\/04\/photo_2025-04-05_19-05-14.jpg 956w\" sizes=\"(max-width: 225px) 100vw, 225px\" \/><\/p>","protected":false},"excerpt":{"rendered":"<p><img data-opt-id=2036074974  fetchpriority=\"high\" decoding=\"async\" class=\"alignnone size-medium wp-image-1315\" src=\"https:\/\/mlmylfytwgtu.i.optimole.com\/w:225\/h:300\/q:mauto\/ig:avif\/https:\/\/hamyflore.com\/wp-content\/uploads\/2025\/04\/photo_2025-04-05_19-05-14.jpg\" alt=\"\uc0ac\ub791\uacfc \uac10\uc0ac\uc758 \uc7a5\ubbf8 \uaf43\ub2e4\ubc1c\" width=\"225\" height=\"300\" srcset=\"https:\/\/mlmylfytwgtu.i.optimole.com\/w:225\/h:300\/q:mauto\/ig:avif\/https:\/\/hamyflore.com\/wp-content\/uploads\/2025\/04\/photo_2025-04-05_19-05-14.jpg 225w, https:\/\/mlmylfytwgtu.i.optimole.com\/w:767\/h:1024\/q:mauto\/ig:avif\/https:\/\/hamyflore.com\/wp-content\/uploads\/2025\/04\/photo_2025-04-05_19-05-14.jpg 767w, https:\/\/mlmylfytwgtu.i.optimole.com\/w:768\/h:1025\/q:mauto\/ig:avif\/https:\/\/hamyflore.com\/wp-content\/uploads\/2025\/04\/photo_2025-04-05_19-05-14.jpg 768w, https:\/\/mlmylfytwgtu.i.optimole.com\/w:600\/h:801\/q:mauto\/ig:avif\/https:\/\/hamyflore.com\/wp-content\/uploads\/2025\/04\/photo_2025-04-05_19-05-14.jpg 600w, https:\/\/mlmylfytwgtu.i.optimole.com\/w:809\/h:1080\/q:mauto\/ig:avif\/https:\/\/hamyflore.com\/wp-content\/uploads\/2025\/04\/photo_2025-04-05_19-05-14.jpg 956w\" sizes=\"(max-width: 225px) 100vw, 225px\" \/><\/p>\n<p>&nbsp;<\/p>\n<h3 class=\"\" data-start=\"110\" data-end=\"133\">T\u00ean s\u1ea3n ph\u1ea9m: B\u00f3 hoa h\u1ed3ng t\u00ecnh y\u00eau v\u00e0 l\u00f2ng bi\u1ebft \u01a1n<\/h3>\n<h4 class=\"\" data-start=\"135\" data-end=\"146\">M\u00f4 t\u1ea3 s\u1ea3n ph\u1ea9m:<\/h4>\n<p class=\"\" data-start=\"147\" data-end=\"286\">B\u00f3 hoa tuy\u1ec7t \u0111\u1eb9p n\u00e0y c\u00f3 hoa h\u1ed3ng m\u00e0u h\u1ed3ng nh\u1ea1t v\u00e0 hoa h\u1ed3ng m\u01a1. M\u1ed7i b\u00f4ng h\u1ed3ng \u0111\u1ec1u \u0111\u01b0\u1ee3c l\u1ef1a ch\u1ecdn c\u1ea9n th\u1eadn \u0111\u1ebfn m\u1ee9c ho\u00e0n h\u1ea3o, truy\u1ec1n t\u1ea3i t\u00ecnh y\u00eau v\u00e0 l\u00f2ng bi\u1ebft \u01a1n c\u1ee7a b\u1ea1n. B\u00f3 hoa n\u00e0y l\u00e0 l\u1ef1a ch\u1ecdn l\u00fd t\u01b0\u1edfng \u0111\u1ec3 b\u00e0y t\u1ecf t\u00ecnh c\u1ea3m c\u1ee7a b\u1ea1n v\u1edbi ng\u01b0\u1eddi th\u00e2n y\u00eau trong nh\u1eefng d\u1ecbp \u0111\u1eb7c bi\u1ec7t ho\u1eb7c nh\u01b0 m\u1ed9t l\u1eddi c\u1ea3m \u01a1n.<\/p>\n<h4 class=\"\" data-start=\"288\" data-end=\"299\">C\u00e1c t\u00ednh n\u0103ng ch\u00ednh:<\/h4>\n<ul data-start=\"300\" data-end=\"412\">\n<li class=\"\" data-start=\"300\" data-end=\"322\">\n<p class=\"\" data-start=\"302\" data-end=\"322\"><strong data-start=\"302\" data-end=\"308\">m\u00e0u s\u1eafc<\/strong>: M\u00e0u h\u1ed3ng nh\u1ea1t v\u00e0 m\u00e0u m\u01a1<\/p>\n<\/li>\n<li class=\"\" data-start=\"323\" data-end=\"341\">\n<p class=\"\" data-start=\"325\" data-end=\"341\"><strong data-start=\"325\" data-end=\"333\">Lo\u1ea1i hoa<\/strong>: Hoa h\u1ed3ng th\u01b0\u1ee3ng h\u1ea1ng<\/p>\n<\/li>\n<li class=\"\" data-start=\"342\" data-end=\"377\">\n<p class=\"\" data-start=\"344\" data-end=\"377\"><strong data-start=\"344\" data-end=\"350\">\u0111\u00f3ng g\u00f3i<\/strong>:\u0110\u01b0\u1ee3c ho\u00e0n thi\u1ec7n b\u1eb1ng bao b\u00ec trong su\u1ed1t sang tr\u1ecdng v\u00e0 ruy b\u0103ng m\u00e0u h\u1ed3ng.<\/p>\n<\/li>\n<li class=\"\" data-start=\"378\" data-end=\"412\">\n<p class=\"\" data-start=\"380\" data-end=\"412\"><strong data-start=\"380\" data-end=\"387\">k\u00edch c\u1ee1<\/strong>: Kho\u1ea3ng 30cm x 40cm (r\u1ed9ng x cao)<\/p>\n<\/li>\n<\/ul>\n<h4 class=\"\" data-start=\"414\" data-end=\"425\">C\u00e1ch s\u1eed d\u1ee5ng:<\/h4>\n<ul data-start=\"426\" data-end=\"543\">\n<li class=\"\" data-start=\"426\" data-end=\"470\">\n<p class=\"\" data-start=\"428\" data-end=\"470\">Sau khi nh\u1eadn b\u00f3 hoa, c\u1eaft ch\u00e9o ph\u1ea7n \u0111\u1ea7u c\u1ee7a c\u00e0nh hoa kho\u1ea3ng 1 cm.<\/p>\n<\/li>\n<li class=\"\" data-start=\"471\" data-end=\"508\">\n<p class=\"\" data-start=\"473\" data-end=\"508\">\u0110\u1eb7t hoa v\u00e0o b\u00ecnh n\u01b0\u1edbc s\u1ea1ch v\u00e0 thay n\u01b0\u1edbc h\u00e0ng ng\u00e0y.<\/p>\n<\/li>\n<li class=\"\" data-start=\"509\" data-end=\"543\">\n<p class=\"\" data-start=\"511\" data-end=\"543\">Tr\u00e1nh \u00e1nh n\u1eafng tr\u1ef1c ti\u1ebfp v\u00e0 b\u1ea3o qu\u1ea3n \u1edf n\u01a1i m\u00e1t m\u1ebb, th\u00f4ng gi\u00f3 t\u1ed1t.<\/p>\n<\/li>\n<\/ul>\n<h4 class=\"\" data-start=\"545\" data-end=\"554\">Ph\u01b0\u01a1ng ph\u00e1p qu\u1ea3n l\u00fd:<\/h4>\n<ul data-start=\"555\" data-end=\"665\">\n<li class=\"\" data-start=\"555\" data-end=\"596\">\n<p class=\"\" data-start=\"557\" data-end=\"596\">\u0110i\u1ec1u quan tr\u1ecdng l\u00e0 ph\u1ea3i thay n\u01b0\u1edbc cho hoa h\u1ed3ng h\u00e0ng ng\u00e0y \u0111\u1ec3 gi\u1eef hoa t\u01b0\u01a1i.<\/p>\n<\/li>\n<li class=\"\" data-start=\"597\" data-end=\"624\">\n<p class=\"\" data-start=\"599\" data-end=\"624\">C\u1ea9n th\u1eadn kh\u00f4ng \u0111\u1ec3 \u0111\u00e0i hoa ng\u1eadp trong n\u01b0\u1edbc.<\/p>\n<\/li>\n<li class=\"\" data-start=\"625\" data-end=\"665\">\n<p class=\"\" data-start=\"627\" data-end=\"665\">Khi hoa b\u1eaft \u0111\u1ea7u h\u00e9o, h\u00e3y c\u1eaft b\u1ecf th\u00e2n c\u00e2y v\u00e0 thay n\u01b0\u1edbc m\u1edbi v\u00e0o.<\/p>\n<\/li>\n<\/ul>\n<h4 class=\"\" data-start=\"667\" data-end=\"681\">G\u1ee3i \u00fd qu\u00e0 t\u1eb7ng:<\/h4>\n<ul data-start=\"682\" data-end=\"755\">\n<li class=\"\" data-start=\"682\" data-end=\"732\">\n<p class=\"\" data-start=\"684\" data-end=\"732\">G\u1eedi \u0111\u1ebfn nh\u1eefng ng\u01b0\u1eddi th\u00e2n y\u00eau c\u1ee7a b\u1ea1n v\u00e0o nh\u1eefng ng\u00e0y \u0111\u1eb7c bi\u1ec7t nh\u01b0 ng\u00e0y k\u1ef7 ni\u1ec7m, sinh nh\u1eadt, Ng\u00e0y l\u1ec5 t\u00ecnh nh\u00e2n, Ng\u00e0y c\u1ee7a m\u1eb9 v\u00e0 Ng\u00e0y l\u1ec5 t\u1ea1 \u01a1n.<\/p>\n<\/li>\n<li class=\"\" data-start=\"733\" data-end=\"755\">\n<p class=\"\" data-start=\"735\" data-end=\"755\">Nh\u01b0 m\u1ed9t d\u1ea5u hi\u1ec7u \u0111\u00e1nh gi\u00e1 cao \u0111\u1ed1i t\u00e1c kinh doanh ho\u1eb7c \u0111\u1ed3ng nghi\u1ec7p<\/p>\n<\/li>\n<\/ul>","protected":false},"featured_media":1315,"comment_status":"open","ping_status":"closed","template":"","meta":{"site-sidebar-layout":"default","site-content-layout":"","ast-site-content-layout":"default","site-content-style":"default","site-sidebar-style":"default","ast-global-header-display":"","ast-banner-title-visibility":"","ast-main-header-display":"","ast-hfb-above-header-display":"","ast-hfb-below-header-display":"","ast-hfb-mobile-header-display":"","site-post-title":"","ast-breadcrumbs-content":"","ast-featured-img":"","footer-sml-layout":"","theme-transparent-header-meta":"default","adv-header-id-meta":"","stick-header-meta":"default","header-above-stick-meta":"","header-main-stick-meta":"","header-below-stick-meta":"","astra-migrate-meta-layouts":"set","ast-page-background-enabled":"default","ast-page-background-meta":{"desktop":{"background-color":"var(--ast-global-color-4)","background-image":"","background-repeat":"repeat","background-position":"center center","background-size":"auto","background-attachment":"scroll","background-type":"","background-media":"","overlay-type":"","overlay-color":"","overlay-opacity":"","overlay-gradient":""},"tablet":{"background-color":"","background-image":"","background-repeat":"repeat","background-position":"center center","background-size":"auto","background-attachment":"scroll","background-type":"","background-media":"","overlay-type":"","overlay-color":"","overlay-opacity":"","overlay-gradient":""},"mobile":{"background-color":"","background-image":"","background-repeat":"repeat","background-position":"center center","background-size":"auto","background-attachment":"scroll","background-type":"","background-media":"","overlay-type":"","overlay-color":"","overlay-opacity":"","overlay-gradient":""}},"ast-content-background-meta":{"desktop":{"background-color":"var(--ast-global-color-5)","background-image":"","background-repeat":"repeat","background-position":"center center","background-size":"auto","background-attachment":"scroll","background-type":"","background-media":"","overlay-type":"","overlay-color":"","overlay-opacity":"","overlay-gradient":""},"tablet":{"background-color":"var(--ast-global-color-5)","background-image":"","background-repeat":"repeat","background-position":"center center","background-size":"auto","background-attachment":"scroll","background-type":"","background-media":"","overlay-type":"","overlay-color":"","overlay-opacity":"","overlay-gradient":""},"mobile":{"background-color":"var(--ast-global-color-5)","background-image":"","background-repeat":"repeat","background-position":"center center","background-size":"auto","background-attachment":"scroll","background-type":"","background-media":"","overlay-type":"","overlay-color":"","overlay-opacity":"","overlay-gradient":""}}},"product_brand":[],"product_cat":[35],"product_tag":[76],"class_list":{"0":"post-1314","1":"product","2":"type-product","3":"status-publish","4":"has-post-thumbnail","6":"product_cat-35","7":"product_tag-76","8":"desktop-align-left","9":"tablet-align-left","10":"mobile-align-left","11":"ast-product-gallery-layout-first-image-large","12":"ast-product-tabs-layout-accordion","13":"ast-qv-on-image","15":"first","16":"instock","17":"sale","18":"taxable","19":"shipping-taxable","20":"purchasable","21":"product-type-simple"},"jetpack_sharing_enabled":true,"_links":{"self":[{"href":"https:\/\/hamyflore.com\/vi\/wp-json\/wp\/v2\/product\/1314","targetHints":{"allow":["GET"]}}],"collection":[{"href":"https:\/\/hamyflore.com\/vi\/wp-json\/wp\/v2\/product"}],"about":[{"href":"https:\/\/hamyflore.com\/vi\/wp-json\/wp\/v2\/types\/product"}],"replies":[{"embeddable":true,"href":"https:\/\/hamyflore.com\/vi\/wp-json\/wp\/v2\/comments?post=1314"}],"version-history":[{"count":1,"href":"https:\/\/hamyflore.com\/vi\/wp-json\/wp\/v2\/product\/1314\/revisions"}],"predecessor-version":[{"id":1316,"href":"https:\/\/hamyflore.com\/vi\/wp-json\/wp\/v2\/product\/1314\/revisions\/1316"}],"wp:featuredmedia":[{"embeddable":true,"href":"https:\/\/hamyflore.com\/vi\/wp-json\/wp\/v2\/media\/1315"}],"wp:attachment":[{"href":"https:\/\/hamyflore.com\/vi\/wp-json\/wp\/v2\/media?parent=1314"}],"wp:term":[{"taxonomy":"product_brand","embeddable":true,"href":"https:\/\/hamyflore.com\/vi\/wp-json\/wp\/v2\/product_brand?post=1314"},{"taxonomy":"product_cat","embeddable":true,"href":"https:\/\/hamyflore.com\/vi\/wp-json\/wp\/v2\/product_cat?post=1314"},{"taxonomy":"product_tag","embeddable":true,"href":"https:\/\/hamyflore.com\/vi\/wp-json\/wp\/v2\/product_tag?post=1314"}],"curies":[{"name":"wp","href":"https:\/\/api.w.org\/{rel}","templated":true}]}}